{"id":8399,"date":"2022-03-14T12:01:51","date_gmt":"2022-03-14T11:01:51","guid":{"rendered":"http:\/\/cc-hsam.fr\/?page_id=8399"},"modified":"2022-03-14T12:01:56","modified_gmt":"2022-03-14T11:01:56","slug":"offres-emploi-gasseau-2022","status":"publish","type":"page","link":"http:\/\/cc-hsam.fr\/index.php\/home\/offres-emploi-gasseau-2022\/","title":{"rendered":"OFFRES EMPLOI pour le Domaine du Gasseau"},"content":{"rendered":"\n<p><strong>Postes \u00e0 pourvoir \u00e0 la Communaut\u00e9 de commune Haute Sarthe Alpes Mancelles<br>\u00e0 retrouver sur le site de P\u00f4le emploi et le site d\u2019Emploi territorial.<\/strong><\/p>\n\n\n\n<p><strong>Votre CV et lettre de motivations sont \u00e0 faire parvenir \u00e0 la CCHSAM :<br>2 rue Abb\u00e9 Leli\u00e8vre 72130 Fresnay sur Sarthe<br>ou <a href=\"mailto:contact@cchautesarthealpesmancelles.fr\">contact@cchautesarthealpesmancelles.fr<\/a><br><\/strong><\/p>\n\n\n\n<h3 class=\"wp-block-heading\"><strong>Charg\u00e9(e) d\u2019accueil saisonnier \/ Co-responsable du Domaine du Gasseau<\/strong><\/h3>\n\n\n\n<ul class=\"wp-block-list\"><li>CDD 6 mois<\/li><li>Poste \u00e0 temps complet de 35 h \/ semaine<\/li><li>R\u00e9mun\u00e9ration sur la base de la grille indiciaire de la Fonction Publique Territoriale<\/li><li>Poste \u00e0 pourvoir pour le 29 mars 2022 (jusqu&#8217;au 30 septembre 2022)<\/li><li>Permis B exig\u00e9<\/li><li>Travail organis\u00e9 du lundi au dimanche, avec pause hebdomadaire en semaine<\/li><li>Poste bas\u00e9 \u00e0 Saint-L\u00e9onard-des-Bois<\/li><\/ul>\n\n\n\n<h3 class=\"wp-block-heading\"><strong>Agent saisonnier pour Exposition (H\/F) pour le Gasseau<\/strong><\/h3>\n\n\n\n<ul class=\"wp-block-list\"><li>CDD d\u2019un mois (juillet ou ao\u00fbt)<\/li><li>Poste \u00e0 temps non complet de 30 h \/ semaine, du mardi au dimanche inclus<\/li><li>R\u00e9mun\u00e9ration sur la base de la grille indiciaire de la Fonction Publique Territoriale + cong\u00e9s pay\u00e9s<\/li><li>Poste \u00e0 pourvoir&nbsp;: un poste en juillet et un poste en ao\u00fbt<\/li><li>Permis B exig\u00e9<\/li><li>Poste bas\u00e9 \u00e0 Saint L\u00e9onard des Bois \u2013 Domaine du Gasseau<\/li><\/ul>\n\n\n\n<h3 class=\"wp-block-heading\"><strong>Agent saisonnier Renfort d\u2019accueil&nbsp; Domaine du Gasseau<\/strong><\/h3>\n\n\n\n<ul class=\"wp-block-list\"><li>CDD (D\u00e9but de la mission&nbsp;: 1<sup>er<\/sup> Juillet 2022- Fin de la mission&nbsp;: 28 ao\u00fbt 2022)<\/li><li>Poste \u00e0 temps complet 35 h \/ semaine, du lundi au dimanche, avec pause hebdomadaire en semaine<\/li><li>Baccalaur\u00e9at ou forte exp\u00e9rience dans le domaine de la vente<\/li><li>Permis B &nbsp;et v\u00e9hicule obligatoires<\/li><li>Date limite d\u2019envoi des candidatures&nbsp;: 30 avril 2022<\/li><\/ul>\n\n\n\n<p><strong>Voir le d\u00e9tail de l&#8217;annonce sur les sites pr\u00e9cit\u00e9s ou en format PDF ci dessous :<\/strong><\/p>\n\n\n\n<p><\/p>\n","protected":false},"excerpt":{"rendered":"<p>Postes \u00e0 pourvoir \u00e0 la Communaut\u00e9 de commune Haute Sarthe Alpes Mancelles\u00e0 retrouver sur le site de P\u00f4le emploi et le site d\u2019Emploi territorial. Votre CV et lettre de motivations sont \u00e0 faire parvenir \u00e0 la CCHSAM :2 rue Abb\u00e9 Leli\u00e8vre 72130 Fresnay sur Sartheou contact@cchautesarthealpesmancelles.fr Charg\u00e9(e) d\u2019accueil saisonnier \/ Co-responsable du Domaine du Gasseau [&hellip;]<\/p>\n","protected":false},"author":2,"featured_media":8392,"parent":355,"menu_order":0,"comment_status":"closed","ping_status":"closed","template":"","meta":{"footnotes":""},"class_list":["post-8399","page","type-page","status-publish","has-post-thumbnail","hentry","entry","has-media"],"yoast_head":"<!-- This site is optimized with the Yoast SEO plugin v27.4 - https:\/\/yoast.com\/product\/yoast-seo-wordpress\/ -->\n<title>OFFRES EMPLOI pour le Domaine du Gasseau - CCHSAM<\/title>\n<meta name=\"robots\" content=\"index, follow, max-snippet:-1, max-image-preview:large, max-video-preview:-1\" \/>\n<link rel=\"canonical\" href=\"http:\/\/cc-hsam.fr\/index.php\/home\/offres-emploi-gasseau-2022\/\" \/>\n<meta property=\"og:locale\" content=\"fr_FR\" \/>\n<meta property=\"og:type\" content=\"article\" \/>\n<meta property=\"og:title\" content=\"OFFRES EMPLOI pour le Domaine du Gasseau - CCHSAM\" \/>\n<meta property=\"og:description\" content=\"Postes \u00e0 pourvoir \u00e0 la Communaut\u00e9 de commune Haute Sarthe Alpes Mancelles\u00e0 retrouver sur le site de P\u00f4le emploi et le site d\u2019Emploi territorial. Votre CV et lettre de motivations sont \u00e0 faire parvenir \u00e0 la CCHSAM :2 rue Abb\u00e9 Leli\u00e8vre 72130 Fresnay sur Sartheou contact@cchautesarthealpesmancelles.fr Charg\u00e9(e) d\u2019accueil saisonnier \/ Co-responsable du Domaine du Gasseau [&hellip;]\" \/>\n<meta property=\"og:url\" content=\"http:\/\/cc-hsam.fr\/index.php\/home\/offres-emploi-gasseau-2022\/\" \/>\n<meta property=\"og:site_name\" content=\"CCHSAM\" \/>\n<meta property=\"article:modified_time\" content=\"2022-03-14T11:01:56+00:00\" \/>\n<meta property=\"og:image\" content=\"http:\/\/cc-hsam.fr\/wp-content\/uploads\/2022\/03\/photo-05052018-070-scaled.jpg\" \/>\n\t<meta property=\"og:image:width\" content=\"2560\" \/>\n\t<meta property=\"og:image:height\" content=\"1920\" \/>\n\t<meta property=\"og:image:type\" content=\"image\/jpeg\" \/>\n<meta name=\"twitter:card\" content=\"summary_large_image\" \/>\n<meta name=\"twitter:label1\" content=\"Dur\u00e9e de lecture estim\u00e9e\" \/>\n\t<meta name=\"twitter:data1\" content=\"2 minutes\" \/>\n<script type=\"application\/ld+json\" class=\"yoast-schema-graph\">{\"@context\":\"https:\\\/\\\/schema.org\",\"@graph\":[{\"@type\":\"WebPage\",\"@id\":\"http:\\\/\\\/cc-hsam.fr\\\/index.php\\\/home\\\/offres-emploi-gasseau-2022\\\/\",\"url\":\"http:\\\/\\\/cc-hsam.fr\\\/index.php\\\/home\\\/offres-emploi-gasseau-2022\\\/\",\"name\":\"OFFRES EMPLOI pour le Domaine du Gasseau - CCHSAM\",\"isPartOf\":{\"@id\":\"http:\\\/\\\/cc-hsam.fr\\\/#website\"},\"primaryImageOfPage\":{\"@id\":\"http:\\\/\\\/cc-hsam.fr\\\/index.php\\\/home\\\/offres-emploi-gasseau-2022\\\/#primaryimage\"},\"image\":{\"@id\":\"http:\\\/\\\/cc-hsam.fr\\\/index.php\\\/home\\\/offres-emploi-gasseau-2022\\\/#primaryimage\"},\"thumbnailUrl\":\"http:\\\/\\\/cc-hsam.fr\\\/wp-content\\\/uploads\\\/2022\\\/03\\\/photo-05052018-070-scaled.jpg\",\"datePublished\":\"2022-03-14T11:01:51+00:00\",\"dateModified\":\"2022-03-14T11:01:56+00:00\",\"breadcrumb\":{\"@id\":\"http:\\\/\\\/cc-hsam.fr\\\/index.php\\\/home\\\/offres-emploi-gasseau-2022\\\/#breadcrumb\"},\"inLanguage\":\"fr-FR\",\"potentialAction\":[{\"@type\":\"ReadAction\",\"target\":[\"http:\\\/\\\/cc-hsam.fr\\\/index.php\\\/home\\\/offres-emploi-gasseau-2022\\\/\"]}]},{\"@type\":\"ImageObject\",\"inLanguage\":\"fr-FR\",\"@id\":\"http:\\\/\\\/cc-hsam.fr\\\/index.php\\\/home\\\/offres-emploi-gasseau-2022\\\/#primaryimage\",\"url\":\"http:\\\/\\\/cc-hsam.fr\\\/wp-content\\\/uploads\\\/2022\\\/03\\\/photo-05052018-070-scaled.jpg\",\"contentUrl\":\"http:\\\/\\\/cc-hsam.fr\\\/wp-content\\\/uploads\\\/2022\\\/03\\\/photo-05052018-070-scaled.jpg\",\"width\":2560,\"height\":1920},{\"@type\":\"BreadcrumbList\",\"@id\":\"http:\\\/\\\/cc-hsam.fr\\\/index.php\\\/home\\\/offres-emploi-gasseau-2022\\\/#breadcrumb\",\"itemListElement\":[{\"@type\":\"ListItem\",\"position\":1,\"name\":\"Accueil\",\"item\":\"http:\\\/\\\/cc-hsam.fr\\\/\"},{\"@type\":\"ListItem\",\"position\":2,\"name\":\"Accueil\",\"item\":\"http:\\\/\\\/cc-hsam.fr\\\/\"},{\"@type\":\"ListItem\",\"position\":3,\"name\":\"OFFRES EMPLOI pour le Domaine du Gasseau\"}]},{\"@type\":\"WebSite\",\"@id\":\"http:\\\/\\\/cc-hsam.fr\\\/#website\",\"url\":\"http:\\\/\\\/cc-hsam.fr\\\/\",\"name\":\"CCHSAM\",\"description\":\"Bienvenue sur le site officiel\",\"potentialAction\":[{\"@type\":\"SearchAction\",\"target\":{\"@type\":\"EntryPoint\",\"urlTemplate\":\"http:\\\/\\\/cc-hsam.fr\\\/?s={search_term_string}\"},\"query-input\":{\"@type\":\"PropertyValueSpecification\",\"valueRequired\":true,\"valueName\":\"search_term_string\"}}],\"inLanguage\":\"fr-FR\"}]}<\/script>\n<!-- \/ Yoast SEO plugin. -->","yoast_head_json":{"title":"OFFRES EMPLOI pour le Domaine du Gasseau - CCHSAM","robots":{"index":"index","follow":"follow","max-snippet":"max-snippet:-1","max-image-preview":"max-image-preview:large","max-video-preview":"max-video-preview:-1"},"canonical":"http:\/\/cc-hsam.fr\/index.php\/home\/offres-emploi-gasseau-2022\/","og_locale":"fr_FR","og_type":"article","og_title":"OFFRES EMPLOI pour le Domaine du Gasseau - CCHSAM","og_description":"Postes \u00e0 pourvoir \u00e0 la Communaut\u00e9 de commune Haute Sarthe Alpes Mancelles\u00e0 retrouver sur le site de P\u00f4le emploi et le site d\u2019Emploi territorial. Votre CV et lettre de motivations sont \u00e0 faire parvenir \u00e0 la CCHSAM :2 rue Abb\u00e9 Leli\u00e8vre 72130 Fresnay sur Sartheou contact@cchautesarthealpesmancelles.fr Charg\u00e9(e) d\u2019accueil saisonnier \/ Co-responsable du Domaine du Gasseau [&hellip;]","og_url":"http:\/\/cc-hsam.fr\/index.php\/home\/offres-emploi-gasseau-2022\/","og_site_name":"CCHSAM","article_modified_time":"2022-03-14T11:01:56+00:00","og_image":[{"width":2560,"height":1920,"url":"http:\/\/cc-hsam.fr\/wp-content\/uploads\/2022\/03\/photo-05052018-070-scaled.jpg","type":"image\/jpeg"}],"twitter_card":"summary_large_image","twitter_misc":{"Dur\u00e9e de lecture estim\u00e9e":"2 minutes"},"schema":{"@context":"https:\/\/schema.org","@graph":[{"@type":"WebPage","@id":"http:\/\/cc-hsam.fr\/index.php\/home\/offres-emploi-gasseau-2022\/","url":"http:\/\/cc-hsam.fr\/index.php\/home\/offres-emploi-gasseau-2022\/","name":"OFFRES EMPLOI pour le Domaine du Gasseau - CCHSAM","isPartOf":{"@id":"http:\/\/cc-hsam.fr\/#website"},"primaryImageOfPage":{"@id":"http:\/\/cc-hsam.fr\/index.php\/home\/offres-emploi-gasseau-2022\/#primaryimage"},"image":{"@id":"http:\/\/cc-hsam.fr\/index.php\/home\/offres-emploi-gasseau-2022\/#primaryimage"},"thumbnailUrl":"http:\/\/cc-hsam.fr\/wp-content\/uploads\/2022\/03\/photo-05052018-070-scaled.jpg","datePublished":"2022-03-14T11:01:51+00:00","dateModified":"2022-03-14T11:01:56+00:00","breadcrumb":{"@id":"http:\/\/cc-hsam.fr\/index.php\/home\/offres-emploi-gasseau-2022\/#breadcrumb"},"inLanguage":"fr-FR","potentialAction":[{"@type":"ReadAction","target":["http:\/\/cc-hsam.fr\/index.php\/home\/offres-emploi-gasseau-2022\/"]}]},{"@type":"ImageObject","inLanguage":"fr-FR","@id":"http:\/\/cc-hsam.fr\/index.php\/home\/offres-emploi-gasseau-2022\/#primaryimage","url":"http:\/\/cc-hsam.fr\/wp-content\/uploads\/2022\/03\/photo-05052018-070-scaled.jpg","contentUrl":"http:\/\/cc-hsam.fr\/wp-content\/uploads\/2022\/03\/photo-05052018-070-scaled.jpg","width":2560,"height":1920},{"@type":"BreadcrumbList","@id":"http:\/\/cc-hsam.fr\/index.php\/home\/offres-emploi-gasseau-2022\/#breadcrumb","itemListElement":[{"@type":"ListItem","position":1,"name":"Accueil","item":"http:\/\/cc-hsam.fr\/"},{"@type":"ListItem","position":2,"name":"Accueil","item":"http:\/\/cc-hsam.fr\/"},{"@type":"ListItem","position":3,"name":"OFFRES EMPLOI pour le Domaine du Gasseau"}]},{"@type":"WebSite","@id":"http:\/\/cc-hsam.fr\/#website","url":"http:\/\/cc-hsam.fr\/","name":"CCHSAM","description":"Bienvenue sur le site officiel","potentialAction":[{"@type":"SearchAction","target":{"@type":"EntryPoint","urlTemplate":"http:\/\/cc-hsam.fr\/?s={search_term_string}"},"query-input":{"@type":"PropertyValueSpecification","valueRequired":true,"valueName":"search_term_string"}}],"inLanguage":"fr-FR"}]}},"acf":[],"_links":{"self":[{"href":"http:\/\/cc-hsam.fr\/index.php\/wp-json\/wp\/v2\/pages\/8399","targetHints":{"allow":["GET"]}}],"collection":[{"href":"http:\/\/cc-hsam.fr\/index.php\/wp-json\/wp\/v2\/pages"}],"about":[{"href":"http:\/\/cc-hsam.fr\/index.php\/wp-json\/wp\/v2\/types\/page"}],"author":[{"embeddable":true,"href":"http:\/\/cc-hsam.fr\/index.php\/wp-json\/wp\/v2\/users\/2"}],"replies":[{"embeddable":true,"href":"http:\/\/cc-hsam.fr\/index.php\/wp-json\/wp\/v2\/comments?post=8399"}],"version-history":[{"count":1,"href":"http:\/\/cc-hsam.fr\/index.php\/wp-json\/wp\/v2\/pages\/8399\/revisions"}],"predecessor-version":[{"id":8400,"href":"http:\/\/cc-hsam.fr\/index.php\/wp-json\/wp\/v2\/pages\/8399\/revisions\/8400"}],"up":[{"embeddable":true,"href":"http:\/\/cc-hsam.fr\/index.php\/wp-json\/wp\/v2\/pages\/355"}],"wp:featuredmedia":[{"embeddable":true,"href":"http:\/\/cc-hsam.fr\/index.php\/wp-json\/wp\/v2\/media\/8392"}],"wp:attachment":[{"href":"http:\/\/cc-hsam.fr\/index.php\/wp-json\/wp\/v2\/media?parent=8399"}],"curies":[{"name":"wp","href":"https:\/\/api.w.org\/{rel}","templated":true}]}}