{"id":1160,"date":"2021-07-06T09:25:33","date_gmt":"2021-07-06T07:25:33","guid":{"rendered":"http:\/\/cc-hsam.fr\/?page_id=1160"},"modified":"2022-02-15T16:09:17","modified_gmt":"2022-02-15T15:09:17","slug":"lintercommunalite","status":"publish","type":"page","link":"https:\/\/cc-hsam.fr\/index.php\/lintercommunalite\/","title":{"rendered":"Mot du Pr\u00e9sident"},"content":{"rendered":"\t\t<div data-elementor-type=\"wp-page\" data-elementor-id=\"1160\" class=\"elementor elementor-1160\" data-elementor-settings=\"[]\">\n\t\t\t\t\t\t\t<div class=\"elementor-section-wrap\">\n\t\t\t\t\t\t\t<section class=\"elementor-section elementor-top-section elementor-element elementor-element-arduvcg elementor-section-height-min-height elementor-section-full_width elementor-section-height-default elementor-section-items-middle\" data-id=\"arduvcg\" data-element_type=\"section\" data-settings=\"{&quot;background_background&quot;:&quot;classic&quot;}\">\n\t\t\t\t\t\t\t<div class=\"elementor-background-overlay\"><\/div>\n\t\t\t\t\t\t\t<div class=\"elementor-container elementor-column-gap-default\">\n\t\t\t\t\t<div class=\"elementor-column elementor-col-100 elementor-top-column elementor-element elementor-element-trebdfi\" data-id=\"trebdfi\" data-element_type=\"column\">\n\t\t\t<div class=\"elementor-widget-wrap\">\n\t\t\t\t\t\t\t\t\t<\/div>\n\t\t<\/div>\n\t\t\t\t\t\t\t<\/div>\n\t\t<\/section>\n\t\t\t\t<section class=\"elementor-section elementor-top-section elementor-element elementor-element-b2d2aac elementor-section-full_width elementor-section-height-default elementor-section-height-default\" data-id=\"b2d2aac\" data-element_type=\"section\">\n\t\t\t\t\t\t<div class=\"elementor-container elementor-column-gap-default\">\n\t\t\t\t\t<div class=\"elementor-column elementor-col-100 elementor-top-column elementor-element elementor-element-3e900a3\" data-id=\"3e900a3\" data-element_type=\"column\">\n\t\t\t<div class=\"elementor-widget-wrap elementor-element-populated\">\n\t\t\t\t\t\t\t\t<div class=\"elementor-element elementor-element-8ef87ab elementor-widget elementor-widget-spacer\" data-id=\"8ef87ab\" data-element_type=\"widget\" data-widget_type=\"spacer.default\">\n\t\t\t\t<div class=\"elementor-widget-container\">\n\t\t\t\t\t<div class=\"elementor-spacer\">\n\t\t\t<div class=\"elementor-spacer-inner\"><\/div>\n\t\t<\/div>\n\t\t\t\t<\/div>\n\t\t\t\t<\/div>\n\t\t\t\t<div class=\"elementor-element elementor-element-ce8ea30 elementor-widget elementor-widget-heading\" data-id=\"ce8ea30\" data-element_type=\"widget\" data-widget_type=\"heading.default\">\n\t\t\t\t<div class=\"elementor-widget-container\">\n\t\t\t<h1 class=\"elementor-heading-title elementor-size-large\">L'INTERCOMMUNALIT\u00e9<\/h1>\t\t<\/div>\n\t\t\t\t<\/div>\n\t\t\t\t<div class=\"elementor-element elementor-element-0f7bc36 elementor-widget-divider--view-line elementor-widget elementor-widget-divider\" data-id=\"0f7bc36\" data-element_type=\"widget\" data-widget_type=\"divider.default\">\n\t\t\t\t<div class=\"elementor-widget-container\">\n\t\t\t\t\t<div class=\"elementor-divider\">\n\t\t\t<span class=\"elementor-divider-separator\">\n\t\t\t\t\t\t<\/span>\n\t\t<\/div>\n\t\t\t\t<\/div>\n\t\t\t\t<\/div>\n\t\t\t\t<section class=\"elementor-section elementor-inner-section elementor-element elementor-element-4bc8d59 elementor-section-boxed elementor-section-height-default elementor-section-height-default\" data-id=\"4bc8d59\" data-element_type=\"section\">\n\t\t\t\t\t\t<div class=\"elementor-container elementor-column-gap-default\">\n\t\t\t\t\t<div class=\"elementor-column elementor-col-100 elementor-inner-column elementor-element elementor-element-b852428\" data-id=\"b852428\" data-element_type=\"column\">\n\t\t\t<div class=\"elementor-widget-wrap elementor-element-populated\">\n\t\t\t\t\t\t\t\t<div class=\"elementor-element elementor-element-1d06d4d elementor-widget elementor-widget-heading\" data-id=\"1d06d4d\" data-element_type=\"widget\" data-widget_type=\"heading.default\">\n\t\t\t\t<div class=\"elementor-widget-container\">\n\t\t\t<h1 class=\"elementor-heading-title elementor-size-default\">Mot du Pr\u00e9sident<\/h1>\t\t<\/div>\n\t\t\t\t<\/div>\n\t\t\t\t<div class=\"elementor-element elementor-element-44ae4b1 elementor-widget elementor-widget-image\" data-id=\"44ae4b1\" data-element_type=\"widget\" data-widget_type=\"image.default\">\n\t\t\t\t<div class=\"elementor-widget-container\">\n\t\t\t\t\t\t\t\t\t\t\t\t\t\t\t<img loading=\"lazy\" decoding=\"async\" width=\"150\" height=\"150\" src=\"https:\/\/cc-hsam.fr\/wp-content\/uploads\/2021\/07\/MARTIN-Philippe-150x150.jpg\" class=\"attachment-thumbnail size-thumbnail\" alt=\"\" srcset=\"https:\/\/cc-hsam.fr\/wp-content\/uploads\/2021\/07\/MARTIN-Philippe-150x150.jpg 150w, https:\/\/cc-hsam.fr\/wp-content\/uploads\/2021\/07\/MARTIN-Philippe-300x300.jpg 300w, https:\/\/cc-hsam.fr\/wp-content\/uploads\/2021\/07\/MARTIN-Philippe.jpg 326w\" sizes=\"auto, (max-width: 150px) 100vw, 150px\" \/>\t\t\t\t\t\t\t\t\t\t\t\t\t\t\t<\/div>\n\t\t\t\t<\/div>\n\t\t\t\t\t<\/div>\n\t\t<\/div>\n\t\t\t\t\t\t\t<\/div>\n\t\t<\/section>\n\t\t\t\t<section class=\"elementor-section elementor-inner-section elementor-element elementor-element-badce99 elementor-section-boxed elementor-section-height-default elementor-section-height-default\" data-id=\"badce99\" data-element_type=\"section\">\n\t\t\t\t\t\t<div class=\"elementor-container elementor-column-gap-default\">\n\t\t\t\t\t<div class=\"elementor-column elementor-col-100 elementor-inner-column elementor-element elementor-element-db7f6c8\" data-id=\"db7f6c8\" data-element_type=\"column\">\n\t\t\t<div class=\"elementor-widget-wrap elementor-element-populated\">\n\t\t\t\t\t\t\t\t<div class=\"elementor-element elementor-element-6762897 elementor-widget elementor-widget-text-editor\" data-id=\"6762897\" data-element_type=\"widget\" data-widget_type=\"text-editor.default\">\n\t\t\t\t<div class=\"elementor-widget-container\">\n\t\t\t\t\t\t\t<p>Le nouveau conseil communautaire, d\u00e9sormais compos\u00e9 de 56 conseillers communautaires (dont 8 vice-pr\u00e9sidents, 4 conseillers d\u00e9l\u00e9gu\u00e9s et 1 membre du bureau, 23 membres nouveaux et 14 nouveaux maires) m\u2019a fait l\u2019honneur et le plaisir depuis le 15 juillet 2020, de m\u2019\u00e9lire une nouvelle fois pr\u00e9sident de la Communaut\u00e9 de communes Haute Sarthe Alpes Mancelles.<\/p>\t\t\t\t\t\t<\/div>\n\t\t\t\t<\/div>\n\t\t\t\t<div class=\"elementor-element elementor-element-b83b4ee elementor-widget elementor-widget-text-editor\" data-id=\"b83b4ee\" data-element_type=\"widget\" data-widget_type=\"text-editor.default\">\n\t\t\t\t<div class=\"elementor-widget-container\">\n\t\t\t\t\t\t\t<p>En janvier 2017, suite \u00e0 la fusion des 3 Communaut\u00e9s de communes (Alpes Mancelles, Pays Belmontais et Portes du Maine Normand), les \u00e9lus communautaires m\u2019avaient d\u00e9j\u00e0 fait confiance en me confiant la pr\u00e9sidence de cette Communaut\u00e9 de communes nouvelle. Notre engagement, mon engagement \u00e9tait d\u2019uniformiser nos comp\u00e9tences, et ce qui en d\u00e9coule, avant la fin de ce mandat de trois ans.<\/p>\t\t\t\t\t\t<\/div>\n\t\t\t\t<\/div>\n\t\t\t\t<div class=\"elementor-element elementor-element-075ba6e elementor-widget elementor-widget-text-editor\" data-id=\"075ba6e\" data-element_type=\"widget\" data-widget_type=\"text-editor.default\">\n\t\t\t\t<div class=\"elementor-widget-container\">\n\t\t\t\t\t\t\t<p>Gr\u00e2ce \u00e0 la pr\u00e9sence et au soutien de vice-pr\u00e9sidents impliqu\u00e9s, \u00e0 des \u00e9lus motiv\u00e9s et \u00e0 une \u00e9quipe d\u2019agents territoriaux comp\u00e9tents, et gr\u00e2ce \u00e0 un budget ma\u00eetris\u00e9, la CCHSAM a pu mener \u00e0 bien plusieurs chantiers initi\u00e9s par les Communaut\u00e9s de communes historiques avant la fusion tels que la cr\u00e9ation de la maison de sant\u00e9 de Beaumont-sur-Sarthe, l\u2019agrandissement de la maison de sant\u00e9 de Fy\u00e9 avec la cr\u00e9ation de bureaux \u00e9galement, la construction d\u2019un restaurant sur le parc d\u2019activit\u00e9 Maine Eco Parc, l\u2019agrandissement de l\u2019entreprise AS Discount sur la zone d\u2019activit\u00e9 de La Pitoisi\u00e8re, la cr\u00e9ation de la voie verte sur les communes de Thoir\u00e9-sous-Contensor, Grandchamp et Ch\u00e9ranc\u00e9, notre participation financi\u00e8re pour la construction de logements sociaux \u00e0 Fresnay-sur-Sarthe, la cr\u00e9ation d\u2019un parc animalier \u00e0 Bourg-le-Roi, la cr\u00e9ation de sanitaires \u00e0 Saint-L\u00e9onard-des-Bois, la cr\u00e9ation d\u2019une aire de camping-cars \u00e0 Saint-Paul-le-Gaultier, ou encore la fibre optique, en cours de r\u00e9alisation sur toutes nos communes, notre participation financi\u00e8re en ce domaine s\u2019\u00e9l\u00e8ve \u00e0 2,5 M\u20ac.<\/p>\t\t\t\t\t\t<\/div>\n\t\t\t\t<\/div>\n\t\t\t\t<div class=\"elementor-element elementor-element-677a11a elementor-widget elementor-widget-text-editor\" data-id=\"677a11a\" data-element_type=\"widget\" data-widget_type=\"text-editor.default\">\n\t\t\t\t<div class=\"elementor-widget-container\">\n\t\t\t\t\t\t\t<p>L\u2019intercommunalit\u00e9 a pris une place de plus en plus importante dans la vie quotidienne de nos concitoyens. Le nouveau conseil souhaite s\u2019inscrire dans la continuit\u00e9, ce qui est n\u00e9cessaire apr\u00e8s seulement trois ann\u00e9es d\u2019exercice apr\u00e8s la fusion des 3 anciennes Communaut\u00e9s de communes.<br>Durant les six ann\u00e9es \u00e0 venir, nous voulons concr\u00e9tiser les projets suivants : la future d\u00e9chetterie \u00e0 Beaumont-sur-Sarthe, le futur centre de collecte \u00e0 Ancinnes, la r\u00e9novation des vestiaires et sanitaires du gymnase \u00e0 Beaumont-sur-Sarthe, les travaux d\u2019am\u00e9lioration \u00e0 la piscine de Fresnay-sur-Sarthe (pompe \u00e0 chaleur et carrelage), la construction du nouvel office de tourisme \u00e0 Beaumont-sur-Sarthe, l\u2019agrandissement de l\u2019office de tourisme de Fresnay-sur-Sarthe, la r\u00e9ouverture de l\u2019h\u00f4tel-restaurant du Gasseau et y cr\u00e9er \u00e9galement un jardin d\u2019hiver&#8230;<\/p>\t\t\t\t\t\t<\/div>\n\t\t\t\t<\/div>\n\t\t\t\t<div class=\"elementor-element elementor-element-a5cdf1c elementor-widget elementor-widget-text-editor\" data-id=\"a5cdf1c\" data-element_type=\"widget\" data-widget_type=\"text-editor.default\">\n\t\t\t\t<div class=\"elementor-widget-container\">\n\t\t\t\t\t\t\t<p>A ce jour, notre Communaut\u00e9 de communes se compose de trente-huit communes et compte environ 23 500 habitants. Les communes les plus importantes de notre territoire sont Fresnay-sur-Sarthe et Beaumont-sur-Sarthe, qui repr\u00e9sentent \u00e0 elles deux 21% de notre population. C\u2019est dans ces collectivit\u00e9s o\u00f9 sont les principaux services et structures.<\/p>\t\t\t\t\t\t<\/div>\n\t\t\t\t<\/div>\n\t\t\t\t<div class=\"elementor-element elementor-element-19b9a60 elementor-widget elementor-widget-text-editor\" data-id=\"19b9a60\" data-element_type=\"widget\" data-widget_type=\"text-editor.default\">\n\t\t\t\t<div class=\"elementor-widget-container\">\n\t\t\t\t\t\t\t<p>L&#8217;\u00e9tendue de notre collectivit\u00e9 fait que nous devons nous approcher du citoyen, pour qu&#8217;il connaisse les services, les aides ou les renseignements que notre structure peut lui apporter \u00e0 travers toutes ces comp\u00e9tences. C\u2019est dans ce sens que ce site Internet vous permettra d\u2019obtenir le plus efficacement possible les informations utiles dont vous avez besoin dans votre quotidien. Il vous permettra \u00e9galement de mieux vous approprier votre Territoire.<\/p>\t\t\t\t\t\t<\/div>\n\t\t\t\t<\/div>\n\t\t\t\t<div class=\"elementor-element elementor-element-ada0819 elementor-widget elementor-widget-text-editor\" data-id=\"ada0819\" data-element_type=\"widget\" data-widget_type=\"text-editor.default\">\n\t\t\t\t<div class=\"elementor-widget-container\">\n\t\t\t\t\t\t\t<p>Vous y trouverez, des informations sur l&#8217;organisation ex\u00e9cutive, sur les comp\u00e9tences exerc\u00e9es, sur les 38 communes dont la Commune nouvelle de Fresnay-sur-Sarthe depuis la fusion r\u00e9cente au 1<sup>er<\/sup> janvier 2019 des 3 communes (Fresnay-sur-Sarthe, Coulombiers et Saint-Germain-sur-Sarthe), sur les diff\u00e9rents services de la CCHSAM (Centres de sant\u00e9, Espace France Services, Domaine du Gasseau, Ecole Musique Danse Th\u00e9\u00e2tre, D\u00e9chetteries, Piscines), sur les horaires de nos structures, sur les projets en cours. Vous pourrez aussi t\u00e9l\u00e9charger certains formulaires, consulter des offres de march\u00e9s publics ou de terrains disponibles sur nos zones d\u2019activit\u00e9s ou conna\u00eetre les dates des prochaines manifestations.<\/p>\t\t\t\t\t\t<\/div>\n\t\t\t\t<\/div>\n\t\t\t\t<div class=\"elementor-element elementor-element-f78a23b elementor-widget elementor-widget-text-editor\" data-id=\"f78a23b\" data-element_type=\"widget\" data-widget_type=\"text-editor.default\">\n\t\t\t\t<div class=\"elementor-widget-container\">\n\t\t\t\t\t\t\t<p>En cette p\u00e9riode sanitaire difficile due \u00e0 la pand\u00e9mie de COVID19, je vous invite \u00e0 la plus grande prudence et au respect des r\u00e8gles d\u2019hygi\u00e8ne sanitaires pour votre sant\u00e9 et celles des autres. Le virus est toujours pr\u00e9sent, prenez soin de vous.<\/p>\t\t\t\t\t\t<\/div>\n\t\t\t\t<\/div>\n\t\t\t\t<div class=\"elementor-element elementor-element-75f678d elementor-widget elementor-widget-text-editor\" data-id=\"75f678d\" data-element_type=\"widget\" data-widget_type=\"text-editor.default\">\n\t\t\t\t<div class=\"elementor-widget-container\">\n\t\t\t\t\t\t\t<p style=\"text-align: right;\">Le Pr\u00e9sident<br \/>Philippe MARTIN<\/p>\t\t\t\t\t\t<\/div>\n\t\t\t\t<\/div>\n\t\t\t\t\t<\/div>\n\t\t<\/div>\n\t\t\t\t\t\t\t<\/div>\n\t\t<\/section>\n\t\t\t\t<div class=\"elementor-element elementor-element-5a5772f elementor-widget elementor-widget-text-editor\" data-id=\"5a5772f\" data-element_type=\"widget\" data-widget_type=\"text-editor.default\">\n\t\t\t\t<div class=\"elementor-widget-container\">\n\t\t\t\t\t\t\t\t\t\t\t\t\t<\/div>\n\t\t\t\t<\/div>\n\t\t\t\t\t<\/div>\n\t\t<\/div>\n\t\t\t\t\t\t\t<\/div>\n\t\t<\/section>\n\t\t\t\t<section class=\"elementor-section elementor-top-section elementor-element elementor-element-qvwrdcl elementor-section-boxed elementor-section-height-default elementor-section-height-default\" data-id=\"qvwrdcl\" data-element_type=\"section\" data-settings=\"{&quot;background_background&quot;:&quot;classic&quot;}\">\n\t\t\t\t\t\t<div class=\"elementor-container elementor-column-gap-default\">\n\t\t\t\t\t<div class=\"elementor-column elementor-col-50 elementor-top-column elementor-element elementor-element-thaojlb\" data-id=\"thaojlb\" data-element_type=\"column\">\n\t\t\t<div class=\"elementor-widget-wrap elementor-element-populated\">\n\t\t\t\t\t\t\t\t<div class=\"elementor-element elementor-element-772b819 elementor-widget elementor-widget-counter\" data-id=\"772b819\" data-element_type=\"widget\" data-widget_type=\"counter.default\">\n\t\t\t\t<div class=\"elementor-widget-container\">\n\t\t\t\t\t<div class=\"elementor-counter\">\n\t\t\t<div class=\"elementor-counter-number-wrapper\">\n\t\t\t\t<span class=\"elementor-counter-number-prefix\"><\/span>\n\t\t\t\t<span class=\"elementor-counter-number\" data-duration=\"2000\" data-to-value=\"38\" data-from-value=\"0\" data-delimiter=\",\">0<\/span>\n\t\t\t\t<span class=\"elementor-counter-number-suffix\"><\/span>\n\t\t\t<\/div>\n\t\t\t\t\t\t\t<div class=\"elementor-counter-title\">Communes<\/div>\n\t\t\t\t\t<\/div>\n\t\t\t\t<\/div>\n\t\t\t\t<\/div>\n\t\t\t\t\t<\/div>\n\t\t<\/div>\n\t\t\t\t<div class=\"elementor-column elementor-col-50 elementor-top-column elementor-element elementor-element-941c42d\" data-id=\"941c42d\" data-element_type=\"column\">\n\t\t\t<div class=\"elementor-widget-wrap elementor-element-populated\">\n\t\t\t\t\t\t\t\t<div class=\"elementor-element elementor-element-abc99f1 elementor-widget elementor-widget-counter\" data-id=\"abc99f1\" data-element_type=\"widget\" data-widget_type=\"counter.default\">\n\t\t\t\t<div class=\"elementor-widget-container\">\n\t\t\t\t\t<div class=\"elementor-counter\">\n\t\t\t<div class=\"elementor-counter-number-wrapper\">\n\t\t\t\t<span class=\"elementor-counter-number-prefix\"><\/span>\n\t\t\t\t<span class=\"elementor-counter-number\" data-duration=\"2000\" data-to-value=\"23500\" data-from-value=\"0\" data-delimiter=\" \">0<\/span>\n\t\t\t\t<span class=\"elementor-counter-number-suffix\"><\/span>\n\t\t\t<\/div>\n\t\t\t\t\t\t\t<div class=\"elementor-counter-title\">Habitants<\/div>\n\t\t\t\t\t<\/div>\n\t\t\t\t<\/div>\n\t\t\t\t<\/div>\n\t\t\t\t\t<\/div>\n\t\t<\/div>\n\t\t\t\t\t\t\t<\/div>\n\t\t<\/section>\n\t\t\t\t\t\t<\/div>\n\t\t\t\t\t<\/div>\n\t\t","protected":false},"excerpt":{"rendered":"<p>L&#8217;INTERCOMMUNALIT\u00e9 Mot du Pr\u00e9sident Le nouveau conseil communautaire, d\u00e9sormais compos\u00e9 de 56 conseillers communautaires (dont 8 vice-pr\u00e9sidents, 4 conseillers d\u00e9l\u00e9gu\u00e9s et 1 membre du bureau, 23 membres nouveaux et 14 nouveaux maires) m\u2019a fait l\u2019honneur et le plaisir depuis le 15 juillet 2020, de m\u2019\u00e9lire une nouvelle fois pr\u00e9sident de la Communaut\u00e9 de communes Haute [&hellip;]<\/p>\n","protected":false},"author":1,"featured_media":0,"parent":0,"menu_order":0,"comment_status":"closed","ping_status":"closed","template":"","meta":{"footnotes":""},"class_list":["post-1160","page","type-page","status-publish","hentry","entry"],"yoast_head":"<!-- This site is optimized with the Yoast SEO plugin v27.4 - https:\/\/yoast.com\/product\/yoast-seo-wordpress\/ -->\n<title>Mot du Pr\u00e9sident - Communaut\u00e9 de Communes HSAM<\/title>\n<meta name=\"robots\" content=\"index, follow, max-snippet:-1, max-image-preview:large, max-video-preview:-1\" \/>\n<link rel=\"canonical\" href=\"https:\/\/cc-hsam.fr\/index.php\/lintercommunalite\/\" \/>\n<meta property=\"og:locale\" content=\"fr_FR\" \/>\n<meta property=\"og:type\" content=\"article\" \/>\n<meta property=\"og:title\" content=\"Mot du Pr\u00e9sident - Communaut\u00e9 de Communes HSAM\" \/>\n<meta property=\"og:description\" content=\"L&#8217;INTERCOMMUNALIT\u00e9 Mot du Pr\u00e9sident Le nouveau conseil communautaire, d\u00e9sormais compos\u00e9 de 56 conseillers communautaires (dont 8 vice-pr\u00e9sidents, 4 conseillers d\u00e9l\u00e9gu\u00e9s et 1 membre du bureau, 23 membres nouveaux et 14 nouveaux maires) m\u2019a fait l\u2019honneur et le plaisir depuis le 15 juillet 2020, de m\u2019\u00e9lire une nouvelle fois pr\u00e9sident de la Communaut\u00e9 de communes Haute [&hellip;]\" \/>\n<meta property=\"og:url\" content=\"https:\/\/cc-hsam.fr\/index.php\/lintercommunalite\/\" \/>\n<meta property=\"og:site_name\" content=\"CCHSAM\" \/>\n<meta property=\"article:modified_time\" content=\"2022-02-15T15:09:17+00:00\" \/>\n<meta property=\"og:image\" content=\"http:\/\/cc-hsam.fr\/wp-content\/uploads\/2021\/07\/MARTIN-Philippe-150x150.jpg\" \/>\n<meta name=\"twitter:card\" content=\"summary_large_image\" \/>\n<meta name=\"twitter:label1\" content=\"Dur\u00e9e de lecture estim\u00e9e\" \/>\n\t<meta name=\"twitter:data1\" content=\"4 minutes\" \/>\n<script type=\"application\/ld+json\" class=\"yoast-schema-graph\">{\"@context\":\"https:\\\/\\\/schema.org\",\"@graph\":[{\"@type\":\"WebPage\",\"@id\":\"https:\\\/\\\/cc-hsam.fr\\\/index.php\\\/lintercommunalite\\\/\",\"url\":\"https:\\\/\\\/cc-hsam.fr\\\/index.php\\\/lintercommunalite\\\/\",\"name\":\"Mot du Pr\u00e9sident - Communaut\u00e9 de Communes HSAM\",\"isPartOf\":{\"@id\":\"http:\\\/\\\/cc-hsam.fr\\\/#website\"},\"primaryImageOfPage\":{\"@id\":\"https:\\\/\\\/cc-hsam.fr\\\/index.php\\\/lintercommunalite\\\/#primaryimage\"},\"image\":{\"@id\":\"https:\\\/\\\/cc-hsam.fr\\\/index.php\\\/lintercommunalite\\\/#primaryimage\"},\"thumbnailUrl\":\"http:\\\/\\\/cc-hsam.fr\\\/wp-content\\\/uploads\\\/2021\\\/07\\\/MARTIN-Philippe-150x150.jpg\",\"datePublished\":\"2021-07-06T07:25:33+00:00\",\"dateModified\":\"2022-02-15T15:09:17+00:00\",\"breadcrumb\":{\"@id\":\"https:\\\/\\\/cc-hsam.fr\\\/index.php\\\/lintercommunalite\\\/#breadcrumb\"},\"inLanguage\":\"fr-FR\",\"potentialAction\":[{\"@type\":\"ReadAction\",\"target\":[\"https:\\\/\\\/cc-hsam.fr\\\/index.php\\\/lintercommunalite\\\/\"]}]},{\"@type\":\"ImageObject\",\"inLanguage\":\"fr-FR\",\"@id\":\"https:\\\/\\\/cc-hsam.fr\\\/index.php\\\/lintercommunalite\\\/#primaryimage\",\"url\":\"https:\\\/\\\/cc-hsam.fr\\\/wp-content\\\/uploads\\\/2021\\\/07\\\/MARTIN-Philippe.jpg\",\"contentUrl\":\"https:\\\/\\\/cc-hsam.fr\\\/wp-content\\\/uploads\\\/2021\\\/07\\\/MARTIN-Philippe.jpg\",\"width\":326,\"height\":326},{\"@type\":\"BreadcrumbList\",\"@id\":\"https:\\\/\\\/cc-hsam.fr\\\/index.php\\\/lintercommunalite\\\/#breadcrumb\",\"itemListElement\":[{\"@type\":\"ListItem\",\"position\":1,\"name\":\"Accueil\",\"item\":\"http:\\\/\\\/cc-hsam.fr\\\/\"},{\"@type\":\"ListItem\",\"position\":2,\"name\":\"Mot du Pr\u00e9sident\"}]},{\"@type\":\"WebSite\",\"@id\":\"http:\\\/\\\/cc-hsam.fr\\\/#website\",\"url\":\"http:\\\/\\\/cc-hsam.fr\\\/\",\"name\":\"CCHSAM\",\"description\":\"Bienvenue sur le site officiel\",\"potentialAction\":[{\"@type\":\"SearchAction\",\"target\":{\"@type\":\"EntryPoint\",\"urlTemplate\":\"http:\\\/\\\/cc-hsam.fr\\\/?s={search_term_string}\"},\"query-input\":{\"@type\":\"PropertyValueSpecification\",\"valueRequired\":true,\"valueName\":\"search_term_string\"}}],\"inLanguage\":\"fr-FR\"}]}<\/script>\n<!-- \/ Yoast SEO plugin. -->","yoast_head_json":{"title":"Mot du Pr\u00e9sident - Communaut\u00e9 de Communes HSAM","robots":{"index":"index","follow":"follow","max-snippet":"max-snippet:-1","max-image-preview":"max-image-preview:large","max-video-preview":"max-video-preview:-1"},"canonical":"https:\/\/cc-hsam.fr\/index.php\/lintercommunalite\/","og_locale":"fr_FR","og_type":"article","og_title":"Mot du Pr\u00e9sident - Communaut\u00e9 de Communes HSAM","og_description":"L&#8217;INTERCOMMUNALIT\u00e9 Mot du Pr\u00e9sident Le nouveau conseil communautaire, d\u00e9sormais compos\u00e9 de 56 conseillers communautaires (dont 8 vice-pr\u00e9sidents, 4 conseillers d\u00e9l\u00e9gu\u00e9s et 1 membre du bureau, 23 membres nouveaux et 14 nouveaux maires) m\u2019a fait l\u2019honneur et le plaisir depuis le 15 juillet 2020, de m\u2019\u00e9lire une nouvelle fois pr\u00e9sident de la Communaut\u00e9 de communes Haute [&hellip;]","og_url":"https:\/\/cc-hsam.fr\/index.php\/lintercommunalite\/","og_site_name":"CCHSAM","article_modified_time":"2022-02-15T15:09:17+00:00","og_image":[{"url":"http:\/\/cc-hsam.fr\/wp-content\/uploads\/2021\/07\/MARTIN-Philippe-150x150.jpg","type":"","width":"","height":""}],"twitter_card":"summary_large_image","twitter_misc":{"Dur\u00e9e de lecture estim\u00e9e":"4 minutes"},"schema":{"@context":"https:\/\/schema.org","@graph":[{"@type":"WebPage","@id":"https:\/\/cc-hsam.fr\/index.php\/lintercommunalite\/","url":"https:\/\/cc-hsam.fr\/index.php\/lintercommunalite\/","name":"Mot du Pr\u00e9sident - Communaut\u00e9 de Communes HSAM","isPartOf":{"@id":"http:\/\/cc-hsam.fr\/#website"},"primaryImageOfPage":{"@id":"https:\/\/cc-hsam.fr\/index.php\/lintercommunalite\/#primaryimage"},"image":{"@id":"https:\/\/cc-hsam.fr\/index.php\/lintercommunalite\/#primaryimage"},"thumbnailUrl":"http:\/\/cc-hsam.fr\/wp-content\/uploads\/2021\/07\/MARTIN-Philippe-150x150.jpg","datePublished":"2021-07-06T07:25:33+00:00","dateModified":"2022-02-15T15:09:17+00:00","breadcrumb":{"@id":"https:\/\/cc-hsam.fr\/index.php\/lintercommunalite\/#breadcrumb"},"inLanguage":"fr-FR","potentialAction":[{"@type":"ReadAction","target":["https:\/\/cc-hsam.fr\/index.php\/lintercommunalite\/"]}]},{"@type":"ImageObject","inLanguage":"fr-FR","@id":"https:\/\/cc-hsam.fr\/index.php\/lintercommunalite\/#primaryimage","url":"https:\/\/cc-hsam.fr\/wp-content\/uploads\/2021\/07\/MARTIN-Philippe.jpg","contentUrl":"https:\/\/cc-hsam.fr\/wp-content\/uploads\/2021\/07\/MARTIN-Philippe.jpg","width":326,"height":326},{"@type":"BreadcrumbList","@id":"https:\/\/cc-hsam.fr\/index.php\/lintercommunalite\/#breadcrumb","itemListElement":[{"@type":"ListItem","position":1,"name":"Accueil","item":"http:\/\/cc-hsam.fr\/"},{"@type":"ListItem","position":2,"name":"Mot du Pr\u00e9sident"}]},{"@type":"WebSite","@id":"http:\/\/cc-hsam.fr\/#website","url":"http:\/\/cc-hsam.fr\/","name":"CCHSAM","description":"Bienvenue sur le site officiel","potentialAction":[{"@type":"SearchAction","target":{"@type":"EntryPoint","urlTemplate":"http:\/\/cc-hsam.fr\/?s={search_term_string}"},"query-input":{"@type":"PropertyValueSpecification","valueRequired":true,"valueName":"search_term_string"}}],"inLanguage":"fr-FR"}]}},"acf":[],"_links":{"self":[{"href":"https:\/\/cc-hsam.fr\/index.php\/wp-json\/wp\/v2\/pages\/1160","targetHints":{"allow":["GET"]}}],"collection":[{"href":"https:\/\/cc-hsam.fr\/index.php\/wp-json\/wp\/v2\/pages"}],"about":[{"href":"https:\/\/cc-hsam.fr\/index.php\/wp-json\/wp\/v2\/types\/page"}],"author":[{"embeddable":true,"href":"https:\/\/cc-hsam.fr\/index.php\/wp-json\/wp\/v2\/users\/1"}],"replies":[{"embeddable":true,"href":"https:\/\/cc-hsam.fr\/index.php\/wp-json\/wp\/v2\/comments?post=1160"}],"version-history":[{"count":101,"href":"https:\/\/cc-hsam.fr\/index.php\/wp-json\/wp\/v2\/pages\/1160\/revisions"}],"predecessor-version":[{"id":8103,"href":"https:\/\/cc-hsam.fr\/index.php\/wp-json\/wp\/v2\/pages\/1160\/revisions\/8103"}],"wp:attachment":[{"href":"https:\/\/cc-hsam.fr\/index.php\/wp-json\/wp\/v2\/media?parent=1160"}],"curies":[{"name":"wp","href":"https:\/\/api.w.org\/{rel}","templated":true}]}}