{"id":2039,"date":"2021-07-27T22:04:58","date_gmt":"2021-07-27T20:04:58","guid":{"rendered":"http:\/\/cc-hsam.fr\/?page_id=2039"},"modified":"2022-02-17T16:26:29","modified_gmt":"2022-02-17T15:26:29","slug":"les-marches-publics","status":"publish","type":"page","link":"https:\/\/cc-hsam.fr\/index.php\/les-marches-publics\/","title":{"rendered":"Les march\u00e9s publics"},"content":{"rendered":"\t\t<div data-elementor-type=\"wp-page\" data-elementor-id=\"2039\" class=\"elementor elementor-2039\" data-elementor-settings=\"[]\">\n\t\t\t\t\t\t\t<div class=\"elementor-section-wrap\">\n\t\t\t\t\t\t\t<section class=\"elementor-section elementor-top-section elementor-element elementor-element-arduvcg elementor-section-height-min-height elementor-section-full_width elementor-section-height-default elementor-section-items-middle\" data-id=\"arduvcg\" data-element_type=\"section\" data-settings=\"{&quot;background_background&quot;:&quot;classic&quot;}\">\n\t\t\t\t\t\t\t<div class=\"elementor-background-overlay\"><\/div>\n\t\t\t\t\t\t\t<div class=\"elementor-container elementor-column-gap-default\">\n\t\t\t\t\t<div class=\"elementor-column elementor-col-100 elementor-top-column elementor-element elementor-element-trebdfi\" data-id=\"trebdfi\" data-element_type=\"column\">\n\t\t\t<div class=\"elementor-widget-wrap\">\n\t\t\t\t\t\t\t\t\t<\/div>\n\t\t<\/div>\n\t\t\t\t\t\t\t<\/div>\n\t\t<\/section>\n\t\t\t\t<section class=\"elementor-section elementor-top-section elementor-element elementor-element-946be7e elementor-section-full_width elementor-section-height-default elementor-section-height-default\" data-id=\"946be7e\" data-element_type=\"section\">\n\t\t\t\t\t\t<div class=\"elementor-container elementor-column-gap-default\">\n\t\t\t\t\t<div class=\"elementor-column elementor-col-100 elementor-top-column elementor-element elementor-element-52719c0\" data-id=\"52719c0\" data-element_type=\"column\">\n\t\t\t<div class=\"elementor-widget-wrap elementor-element-populated\">\n\t\t\t\t\t\t\t\t<div class=\"elementor-element elementor-element-b383ae4 elementor-widget elementor-widget-spacer\" data-id=\"b383ae4\" data-element_type=\"widget\" data-widget_type=\"spacer.default\">\n\t\t\t\t<div class=\"elementor-widget-container\">\n\t\t\t\t\t<div class=\"elementor-spacer\">\n\t\t\t<div class=\"elementor-spacer-inner\"><\/div>\n\t\t<\/div>\n\t\t\t\t<\/div>\n\t\t\t\t<\/div>\n\t\t\t\t\t<\/div>\n\t\t<\/div>\n\t\t\t\t\t\t\t<\/div>\n\t\t<\/section>\n\t\t\t\t<section class=\"elementor-section elementor-top-section elementor-element elementor-element-0dc5826 elementor-section-full_width elementor-section-height-default elementor-section-height-default\" data-id=\"0dc5826\" data-element_type=\"section\">\n\t\t\t\t\t\t<div class=\"elementor-container elementor-column-gap-default\">\n\t\t\t\t\t<div class=\"elementor-column elementor-col-100 elementor-top-column elementor-element elementor-element-c5e1df7\" data-id=\"c5e1df7\" data-element_type=\"column\">\n\t\t\t<div class=\"elementor-widget-wrap elementor-element-populated\">\n\t\t\t\t\t\t\t\t<div class=\"elementor-element elementor-element-ce8ea30 elementor-widget elementor-widget-heading\" data-id=\"ce8ea30\" data-element_type=\"widget\" data-widget_type=\"heading.default\">\n\t\t\t\t<div class=\"elementor-widget-container\">\n\t\t\t<h1 class=\"elementor-heading-title elementor-size-large\">March\u00e9s publics<\/h1>\t\t<\/div>\n\t\t\t\t<\/div>\n\t\t\t\t<div class=\"elementor-element elementor-element-0f7bc36 elementor-widget-divider--view-line elementor-widget elementor-widget-divider\" data-id=\"0f7bc36\" data-element_type=\"widget\" data-widget_type=\"divider.default\">\n\t\t\t\t<div class=\"elementor-widget-container\">\n\t\t\t\t\t<div class=\"elementor-divider\">\n\t\t\t<span class=\"elementor-divider-separator\">\n\t\t\t\t\t\t<\/span>\n\t\t<\/div>\n\t\t\t\t<\/div>\n\t\t\t\t<\/div>\n\t\t\t\t\t<\/div>\n\t\t<\/div>\n\t\t\t\t\t\t\t<\/div>\n\t\t<\/section>\n\t\t\t\t<section class=\"elementor-section elementor-top-section elementor-element elementor-element-723aea3 elementor-section-boxed elementor-section-height-default elementor-section-height-default\" data-id=\"723aea3\" data-element_type=\"section\">\n\t\t\t\t\t\t<div class=\"elementor-container elementor-column-gap-default\">\n\t\t\t\t\t<div class=\"elementor-column elementor-col-100 elementor-top-column elementor-element elementor-element-173051f\" data-id=\"173051f\" data-element_type=\"column\">\n\t\t\t<div class=\"elementor-widget-wrap elementor-element-populated\">\n\t\t\t\t\t\t\t\t<div class=\"elementor-element elementor-element-7ba32c4 elementor-widget elementor-widget-text-editor\" data-id=\"7ba32c4\" data-element_type=\"widget\" data-widget_type=\"text-editor.default\">\n\t\t\t\t<div class=\"elementor-widget-container\">\n\t\t\t\t\t\t\t<p>Nos march\u00e9s publics sont disponibles sur le portail des march\u00e9s publics de la Sarthe :<strong>\u00a0<a href=\"http:\/\/sarthe-marchespublics.fr\">http:\/\/sarthe-marchespublics.fr<\/a><\/strong><\/p><p>Mot cl\u00e9 :\u00a0<b>Communaut\u00e9 de communes Haute Sarthe Alpes Mancelles<\/b><\/p>\t\t\t\t\t\t<\/div>\n\t\t\t\t<\/div>\n\t\t\t\t\t<\/div>\n\t\t<\/div>\n\t\t\t\t\t\t\t<\/div>\n\t\t<\/section>\n\t\t\t\t<section class=\"elementor-section elementor-top-section elementor-element elementor-element-6f9b4d5 elementor-section-full_width elementor-section-height-default elementor-section-height-default\" data-id=\"6f9b4d5\" data-element_type=\"section\">\n\t\t\t\t\t\t<div class=\"elementor-container elementor-column-gap-default\">\n\t\t\t\t\t<div class=\"elementor-column elementor-col-100 elementor-top-column elementor-element elementor-element-d0dc3ef\" data-id=\"d0dc3ef\" data-element_type=\"column\">\n\t\t\t<div class=\"elementor-widget-wrap elementor-element-populated\">\n\t\t\t\t\t\t\t\t<div class=\"elementor-element elementor-element-faf166b elementor-widget elementor-widget-heading\" data-id=\"faf166b\" data-element_type=\"widget\" data-widget_type=\"heading.default\">\n\t\t\t\t<div class=\"elementor-widget-container\">\n\t\t\t<h2 class=\"elementor-heading-title elementor-size-default\">March\u00e9s en cours<\/h2>\t\t<\/div>\n\t\t\t\t<\/div>\n\t\t\t\t<div class=\"elementor-element elementor-element-cbc1d29 elementor-widget-divider--view-line elementor-widget elementor-widget-divider\" data-id=\"cbc1d29\" data-element_type=\"widget\" data-widget_type=\"divider.default\">\n\t\t\t\t<div class=\"elementor-widget-container\">\n\t\t\t\t\t<div class=\"elementor-divider\">\n\t\t\t<span class=\"elementor-divider-separator\">\n\t\t\t\t\t\t<\/span>\n\t\t<\/div>\n\t\t\t\t<\/div>\n\t\t\t\t<\/div>\n\t\t\t\t\t<\/div>\n\t\t<\/div>\n\t\t\t\t\t\t\t<\/div>\n\t\t<\/section>\n\t\t\t\t<section class=\"elementor-section elementor-top-section elementor-element elementor-element-01968b1 elementor-section-full_width elementor-section-height-default elementor-section-height-default\" data-id=\"01968b1\" data-element_type=\"section\">\n\t\t\t\t\t\t<div class=\"elementor-container elementor-column-gap-default\">\n\t\t\t\t\t<div class=\"elementor-column elementor-col-100 elementor-top-column elementor-element elementor-element-26f7e21\" data-id=\"26f7e21\" data-element_type=\"column\">\n\t\t\t<div class=\"elementor-widget-wrap elementor-element-populated\">\n\t\t\t\t\t\t\t\t<div class=\"elementor-element elementor-element-f5636fa elementor-widget elementor-widget-text-editor\" data-id=\"f5636fa\" data-element_type=\"widget\" data-widget_type=\"text-editor.default\">\n\t\t\t\t<div class=\"elementor-widget-container\">\n\t\t\t\t\t\t\t<iframe style=\"overflow: visible; width: 100%;\" src=\"https:\/\/www.marches-publics.info\/avis\/index.cfm?IDS=925\" height=\"900\" frameborder=\"0\" marginwidth=\"0\" marginheight=\"0\" scrolling=\"auto\"><\/iframe>\t\t\t\t\t\t<\/div>\n\t\t\t\t<\/div>\n\t\t\t\t\t<\/div>\n\t\t<\/div>\n\t\t\t\t\t\t\t<\/div>\n\t\t<\/section>\n\t\t\t\t<section class=\"elementor-section elementor-top-section elementor-element elementor-element-eb381b5 elementor-section-full_width elementor-section-height-default elementor-section-height-default\" data-id=\"eb381b5\" data-element_type=\"section\">\n\t\t\t\t\t\t<div class=\"elementor-container elementor-column-gap-default\">\n\t\t\t\t\t<div class=\"elementor-column elementor-col-100 elementor-top-column elementor-element elementor-element-41dde02\" data-id=\"41dde02\" data-element_type=\"column\">\n\t\t\t<div class=\"elementor-widget-wrap elementor-element-populated\">\n\t\t\t\t\t\t\t\t<div class=\"elementor-element elementor-element-d810951 elementor-widget-divider--separator-type-pattern elementor-widget-divider--no-spacing elementor-widget-divider--view-line elementor-widget elementor-widget-divider\" data-id=\"d810951\" data-element_type=\"widget\" data-widget_type=\"divider.default\">\n\t\t\t\t<div class=\"elementor-widget-container\">\n\t\t\t\t\t<div class=\"elementor-divider\" style=\"--divider-pattern-url: url(&quot;data:image\/svg+xml,%3Csvg xmlns=&#039;http:\/\/www.w3.org\/2000\/svg&#039; preserveAspectRatio=&#039;none&#039; overflow=&#039;visible&#039; height=&#039;100%&#039; viewBox=&#039;0 0 24 24&#039; fill=&#039;black&#039; stroke=&#039;none&#039;%3E%3Cpath d=&#039;M24,8v12H0V8H24z M24,4v1H0V4H24z&#039;\/%3E%3C\/svg%3E&quot;);\">\n\t\t\t<span class=\"elementor-divider-separator\">\n\t\t\t\t\t\t<\/span>\n\t\t<\/div>\n\t\t\t\t<\/div>\n\t\t\t\t<\/div>\n\t\t\t\t\t<\/div>\n\t\t<\/div>\n\t\t\t\t\t\t\t<\/div>\n\t\t<\/section>\n\t\t\t\t\t\t<\/div>\n\t\t\t\t\t<\/div>\n\t\t","protected":false},"excerpt":{"rendered":"<p>March\u00e9s publics Nos march\u00e9s publics sont disponibles sur le portail des march\u00e9s publics de la Sarthe :\u00a0http:\/\/sarthe-marchespublics.fr Mot cl\u00e9 :\u00a0Communaut\u00e9 de communes Haute Sarthe Alpes Mancelles March\u00e9s en cours<\/p>\n","protected":false},"author":1,"featured_media":0,"parent":0,"menu_order":0,"comment_status":"closed","ping_status":"closed","template":"","meta":{"footnotes":""},"class_list":["post-2039","page","type-page","status-publish","hentry","entry"],"yoast_head":"<!-- This site is optimized with the Yoast SEO plugin v27.4 - https:\/\/yoast.com\/product\/yoast-seo-wordpress\/ -->\n<title>Les march\u00e9s publics - CCHSAM<\/title>\n<meta name=\"robots\" content=\"index, follow, max-snippet:-1, max-image-preview:large, max-video-preview:-1\" \/>\n<link rel=\"canonical\" href=\"http:\/\/cc-hsam.fr\/index.php\/les-marches-publics\/\" \/>\n<meta property=\"og:locale\" content=\"fr_FR\" \/>\n<meta property=\"og:type\" content=\"article\" \/>\n<meta property=\"og:title\" content=\"Les march\u00e9s publics - CCHSAM\" \/>\n<meta property=\"og:description\" content=\"March\u00e9s publics Nos march\u00e9s publics sont disponibles sur le portail des march\u00e9s publics de la Sarthe :\u00a0http:\/\/sarthe-marchespublics.fr Mot cl\u00e9 :\u00a0Communaut\u00e9 de communes Haute Sarthe Alpes Mancelles March\u00e9s en cours\" \/>\n<meta property=\"og:url\" content=\"http:\/\/cc-hsam.fr\/index.php\/les-marches-publics\/\" \/>\n<meta property=\"og:site_name\" content=\"CCHSAM\" \/>\n<meta property=\"article:modified_time\" content=\"2022-02-17T15:26:29+00:00\" \/>\n<meta name=\"twitter:card\" content=\"summary_large_image\" \/>\n<meta name=\"twitter:label1\" content=\"Dur\u00e9e de lecture estim\u00e9e\" \/>\n\t<meta name=\"twitter:data1\" content=\"1 minute\" \/>\n<script type=\"application\/ld+json\" class=\"yoast-schema-graph\">{\"@context\":\"https:\\\/\\\/schema.org\",\"@graph\":[{\"@type\":\"WebPage\",\"@id\":\"http:\\\/\\\/cc-hsam.fr\\\/index.php\\\/les-marches-publics\\\/\",\"url\":\"http:\\\/\\\/cc-hsam.fr\\\/index.php\\\/les-marches-publics\\\/\",\"name\":\"Les march\u00e9s publics - CCHSAM\",\"isPartOf\":{\"@id\":\"http:\\\/\\\/cc-hsam.fr\\\/#website\"},\"datePublished\":\"2021-07-27T20:04:58+00:00\",\"dateModified\":\"2022-02-17T15:26:29+00:00\",\"breadcrumb\":{\"@id\":\"http:\\\/\\\/cc-hsam.fr\\\/index.php\\\/les-marches-publics\\\/#breadcrumb\"},\"inLanguage\":\"fr-FR\",\"potentialAction\":[{\"@type\":\"ReadAction\",\"target\":[\"http:\\\/\\\/cc-hsam.fr\\\/index.php\\\/les-marches-publics\\\/\"]}]},{\"@type\":\"BreadcrumbList\",\"@id\":\"http:\\\/\\\/cc-hsam.fr\\\/index.php\\\/les-marches-publics\\\/#breadcrumb\",\"itemListElement\":[{\"@type\":\"ListItem\",\"position\":1,\"name\":\"Accueil\",\"item\":\"http:\\\/\\\/cc-hsam.fr\\\/\"},{\"@type\":\"ListItem\",\"position\":2,\"name\":\"Les march\u00e9s publics\"}]},{\"@type\":\"WebSite\",\"@id\":\"http:\\\/\\\/cc-hsam.fr\\\/#website\",\"url\":\"http:\\\/\\\/cc-hsam.fr\\\/\",\"name\":\"CCHSAM\",\"description\":\"Bienvenue sur le site officiel\",\"potentialAction\":[{\"@type\":\"SearchAction\",\"target\":{\"@type\":\"EntryPoint\",\"urlTemplate\":\"http:\\\/\\\/cc-hsam.fr\\\/?s={search_term_string}\"},\"query-input\":{\"@type\":\"PropertyValueSpecification\",\"valueRequired\":true,\"valueName\":\"search_term_string\"}}],\"inLanguage\":\"fr-FR\"}]}<\/script>\n<!-- \/ Yoast SEO plugin. -->","yoast_head_json":{"title":"Les march\u00e9s publics - CCHSAM","robots":{"index":"index","follow":"follow","max-snippet":"max-snippet:-1","max-image-preview":"max-image-preview:large","max-video-preview":"max-video-preview:-1"},"canonical":"http:\/\/cc-hsam.fr\/index.php\/les-marches-publics\/","og_locale":"fr_FR","og_type":"article","og_title":"Les march\u00e9s publics - CCHSAM","og_description":"March\u00e9s publics Nos march\u00e9s publics sont disponibles sur le portail des march\u00e9s publics de la Sarthe :\u00a0http:\/\/sarthe-marchespublics.fr Mot cl\u00e9 :\u00a0Communaut\u00e9 de communes Haute Sarthe Alpes Mancelles March\u00e9s en cours","og_url":"http:\/\/cc-hsam.fr\/index.php\/les-marches-publics\/","og_site_name":"CCHSAM","article_modified_time":"2022-02-17T15:26:29+00:00","twitter_card":"summary_large_image","twitter_misc":{"Dur\u00e9e de lecture estim\u00e9e":"1 minute"},"schema":{"@context":"https:\/\/schema.org","@graph":[{"@type":"WebPage","@id":"http:\/\/cc-hsam.fr\/index.php\/les-marches-publics\/","url":"http:\/\/cc-hsam.fr\/index.php\/les-marches-publics\/","name":"Les march\u00e9s publics - CCHSAM","isPartOf":{"@id":"http:\/\/cc-hsam.fr\/#website"},"datePublished":"2021-07-27T20:04:58+00:00","dateModified":"2022-02-17T15:26:29+00:00","breadcrumb":{"@id":"http:\/\/cc-hsam.fr\/index.php\/les-marches-publics\/#breadcrumb"},"inLanguage":"fr-FR","potentialAction":[{"@type":"ReadAction","target":["http:\/\/cc-hsam.fr\/index.php\/les-marches-publics\/"]}]},{"@type":"BreadcrumbList","@id":"http:\/\/cc-hsam.fr\/index.php\/les-marches-publics\/#breadcrumb","itemListElement":[{"@type":"ListItem","position":1,"name":"Accueil","item":"http:\/\/cc-hsam.fr\/"},{"@type":"ListItem","position":2,"name":"Les march\u00e9s publics"}]},{"@type":"WebSite","@id":"http:\/\/cc-hsam.fr\/#website","url":"http:\/\/cc-hsam.fr\/","name":"CCHSAM","description":"Bienvenue sur le site officiel","potentialAction":[{"@type":"SearchAction","target":{"@type":"EntryPoint","urlTemplate":"http:\/\/cc-hsam.fr\/?s={search_term_string}"},"query-input":{"@type":"PropertyValueSpecification","valueRequired":true,"valueName":"search_term_string"}}],"inLanguage":"fr-FR"}]}},"acf":[],"_links":{"self":[{"href":"https:\/\/cc-hsam.fr\/index.php\/wp-json\/wp\/v2\/pages\/2039","targetHints":{"allow":["GET"]}}],"collection":[{"href":"https:\/\/cc-hsam.fr\/index.php\/wp-json\/wp\/v2\/pages"}],"about":[{"href":"https:\/\/cc-hsam.fr\/index.php\/wp-json\/wp\/v2\/types\/page"}],"author":[{"embeddable":true,"href":"https:\/\/cc-hsam.fr\/index.php\/wp-json\/wp\/v2\/users\/1"}],"replies":[{"embeddable":true,"href":"https:\/\/cc-hsam.fr\/index.php\/wp-json\/wp\/v2\/comments?post=2039"}],"version-history":[{"count":43,"href":"https:\/\/cc-hsam.fr\/index.php\/wp-json\/wp\/v2\/pages\/2039\/revisions"}],"predecessor-version":[{"id":8198,"href":"https:\/\/cc-hsam.fr\/index.php\/wp-json\/wp\/v2\/pages\/2039\/revisions\/8198"}],"wp:attachment":[{"href":"https:\/\/cc-hsam.fr\/index.php\/wp-json\/wp\/v2\/media?parent=2039"}],"curies":[{"name":"wp","href":"https:\/\/api.w.org\/{rel}","templated":true}]}}