{"id":2113,"date":"2021-07-28T08:27:19","date_gmt":"2021-07-28T06:27:19","guid":{"rendered":"http:\/\/cc-hsam.fr\/?page_id=2113"},"modified":"2021-08-30T18:34:03","modified_gmt":"2021-08-30T16:34:03","slug":"vie-economique","status":"publish","type":"page","link":"https:\/\/cc-hsam.fr\/index.php\/vie-economique\/","title":{"rendered":"Vie \u00e9conomique"},"content":{"rendered":"\t\t<div data-elementor-type=\"wp-page\" data-elementor-id=\"2113\" class=\"elementor elementor-2113\" data-elementor-settings=\"[]\">\n\t\t\t\t\t\t\t<div class=\"elementor-section-wrap\">\n\t\t\t\t\t\t\t<section class=\"elementor-section elementor-top-section elementor-element elementor-element-arduvcg elementor-section-height-min-height elementor-section-full_width elementor-section-height-default elementor-section-items-middle\" data-id=\"arduvcg\" data-element_type=\"section\" data-settings=\"{&quot;background_background&quot;:&quot;classic&quot;}\">\n\t\t\t\t\t\t\t<div class=\"elementor-background-overlay\"><\/div>\n\t\t\t\t\t\t\t<div class=\"elementor-container elementor-column-gap-default\">\n\t\t\t\t\t<div class=\"elementor-column elementor-col-100 elementor-top-column elementor-element elementor-element-trebdfi\" data-id=\"trebdfi\" data-element_type=\"column\">\n\t\t\t<div class=\"elementor-widget-wrap\">\n\t\t\t\t\t\t\t\t\t<\/div>\n\t\t<\/div>\n\t\t\t\t\t\t\t<\/div>\n\t\t<\/section>\n\t\t\t\t<section class=\"elementor-section elementor-top-section elementor-element elementor-element-b2d2aac elementor-section-full_width elementor-section-height-default elementor-section-height-default\" data-id=\"b2d2aac\" data-element_type=\"section\">\n\t\t\t\t\t\t<div class=\"elementor-container elementor-column-gap-default\">\n\t\t\t\t\t<div class=\"elementor-column elementor-col-100 elementor-top-column elementor-element elementor-element-3e900a3\" data-id=\"3e900a3\" data-element_type=\"column\">\n\t\t\t<div class=\"elementor-widget-wrap elementor-element-populated\">\n\t\t\t\t\t\t\t\t<div class=\"elementor-element elementor-element-8ef87ab elementor-widget elementor-widget-spacer\" data-id=\"8ef87ab\" data-element_type=\"widget\" data-widget_type=\"spacer.default\">\n\t\t\t\t<div class=\"elementor-widget-container\">\n\t\t\t\t\t<div class=\"elementor-spacer\">\n\t\t\t<div class=\"elementor-spacer-inner\"><\/div>\n\t\t<\/div>\n\t\t\t\t<\/div>\n\t\t\t\t<\/div>\n\t\t\t\t<div class=\"elementor-element elementor-element-ce8ea30 elementor-widget elementor-widget-heading\" data-id=\"ce8ea30\" data-element_type=\"widget\" data-widget_type=\"heading.default\">\n\t\t\t\t<div class=\"elementor-widget-container\">\n\t\t\t<h2 class=\"elementor-heading-title elementor-size-large\">vie \u00e9conomique<\/h2>\t\t<\/div>\n\t\t\t\t<\/div>\n\t\t\t\t<div class=\"elementor-element elementor-element-0f7bc36 elementor-widget-divider--view-line elementor-widget elementor-widget-divider\" data-id=\"0f7bc36\" data-element_type=\"widget\" data-widget_type=\"divider.default\">\n\t\t\t\t<div class=\"elementor-widget-container\">\n\t\t\t\t\t<div class=\"elementor-divider\">\n\t\t\t<span class=\"elementor-divider-separator\">\n\t\t\t\t\t\t<\/span>\n\t\t<\/div>\n\t\t\t\t<\/div>\n\t\t\t\t<\/div>\n\t\t\t\t<div class=\"elementor-element elementor-element-41b8cc9 elementor-widget elementor-widget-text-editor\" data-id=\"41b8cc9\" data-element_type=\"widget\" data-widget_type=\"text-editor.default\">\n\t\t\t\t<div class=\"elementor-widget-container\">\n\t\t\t\t\t\t\t<p>Texte de pr\u00e9sentation de la vie \u00e9conomique du territoire<\/p>\t\t\t\t\t\t<\/div>\n\t\t\t\t<\/div>\n\t\t\t\t<section class=\"elementor-section elementor-inner-section elementor-element elementor-element-wetlkxn elementor-section-full_width elementor-section-height-default elementor-section-height-default\" data-id=\"wetlkxn\" data-element_type=\"section\">\n\t\t\t\t\t\t<div class=\"elementor-container elementor-column-gap-default\">\n\t\t\t\t\t<div class=\"elementor-column elementor-col-50 elementor-inner-column elementor-element elementor-element-oiqxoym\" data-id=\"oiqxoym\" data-element_type=\"column\">\n\t\t\t<div class=\"elementor-widget-wrap elementor-element-populated\">\n\t\t\t\t\t\t\t\t<div class=\"elementor-element elementor-element-cxcmpdt elementor-widget elementor-widget-image\" data-id=\"cxcmpdt\" data-element_type=\"widget\" data-widget_type=\"image.default\">\n\t\t\t\t<div class=\"elementor-widget-container\">\n\t\t\t\t\t\t\t\t\t\t\t\t\t\t\t\t<a href=\"http:\/\/cc-hsam.fr\/index.php\/zones-dactivites\/\">\n\t\t\t\t\t\t\t<img decoding=\"async\" src=\"https:\/\/cc-hsam.fr\/wp-content\/uploads\/2021\/07\/VISUEL_ZA.jpg\" title=\"VISUEL_ZA\" alt=\"Zones d'activit\u00e9s\" \/>\t\t\t\t\t\t\t\t<\/a>\n\t\t\t\t\t\t\t\t\t\t\t\t\t\t\t<\/div>\n\t\t\t\t<\/div>\n\t\t\t\t<div class=\"elementor-element elementor-element-afcmldk elementor-widget elementor-widget-heading\" data-id=\"afcmldk\" data-element_type=\"widget\" data-widget_type=\"heading.default\">\n\t\t\t\t<div class=\"elementor-widget-container\">\n\t\t\t<h4 class=\"elementor-heading-title elementor-size-default\"><a href=\"http:\/\/cc-hsam.fr\/index.php\/zones-dactivites\/\">Zone d'Activit\u00e9s<\/a><\/h4>\t\t<\/div>\n\t\t\t\t<\/div>\n\t\t\t\t\t<\/div>\n\t\t<\/div>\n\t\t\t\t<div class=\"elementor-column elementor-col-50 elementor-inner-column elementor-element elementor-element-vupdgst\" data-id=\"vupdgst\" data-element_type=\"column\">\n\t\t\t<div class=\"elementor-widget-wrap elementor-element-populated\">\n\t\t\t\t\t\t\t\t<div class=\"elementor-element elementor-element-klptxbr elementor-widget elementor-widget-image\" data-id=\"klptxbr\" data-element_type=\"widget\" data-widget_type=\"image.default\">\n\t\t\t\t<div class=\"elementor-widget-container\">\n\t\t\t\t\t\t\t\t\t\t\t\t\t\t\t\t<a href=\"http:\/\/cc-hsam.fr\/index.php\/liens-utiles\/\">\n\t\t\t\t\t\t\t<img decoding=\"async\" src=\"https:\/\/cc-hsam.fr\/wp-content\/uploads\/2021\/08\/flat-2126879_1280.png\" title=\"Cliquer\" alt=\"Cliquer\" \/>\t\t\t\t\t\t\t\t<\/a>\n\t\t\t\t\t\t\t\t\t\t\t\t\t\t\t<\/div>\n\t\t\t\t<\/div>\n\t\t\t\t<div class=\"elementor-element elementor-element-ptomfrn elementor-widget elementor-widget-heading\" data-id=\"ptomfrn\" data-element_type=\"widget\" data-widget_type=\"heading.default\">\n\t\t\t\t<div class=\"elementor-widget-container\">\n\t\t\t<h4 class=\"elementor-heading-title elementor-size-default\"><a href=\"http:\/\/cc-hsam.fr\/index.php\/liens-utiles\/\">Liens utiles<\/a><\/h4>\t\t<\/div>\n\t\t\t\t<\/div>\n\t\t\t\t\t<\/div>\n\t\t<\/div>\n\t\t\t\t\t\t\t<\/div>\n\t\t<\/section>\n\t\t\t\t<div class=\"elementor-element elementor-element-e666094 elementor-widget elementor-widget-spacer\" data-id=\"e666094\" data-element_type=\"widget\" data-widget_type=\"spacer.default\">\n\t\t\t\t<div class=\"elementor-widget-container\">\n\t\t\t\t\t<div class=\"elementor-spacer\">\n\t\t\t<div class=\"elementor-spacer-inner\"><\/div>\n\t\t<\/div>\n\t\t\t\t<\/div>\n\t\t\t\t<\/div>\n\t\t\t\t<div class=\"elementor-element elementor-element-070cc5a elementor-widget elementor-widget-spacer\" data-id=\"070cc5a\" data-element_type=\"widget\" data-widget_type=\"spacer.default\">\n\t\t\t\t<div class=\"elementor-widget-container\">\n\t\t\t\t\t<div class=\"elementor-spacer\">\n\t\t\t<div class=\"elementor-spacer-inner\"><\/div>\n\t\t<\/div>\n\t\t\t\t<\/div>\n\t\t\t\t<\/div>\n\t\t\t\t\t<\/div>\n\t\t<\/div>\n\t\t\t\t\t\t\t<\/div>\n\t\t<\/section>\n\t\t\t\t<section class=\"elementor-section elementor-top-section elementor-element elementor-element-rejxuiu elementor-section-full_width elementor-section-height-default elementor-section-height-default\" data-id=\"rejxuiu\" data-element_type=\"section\" data-settings=\"{&quot;background_background&quot;:&quot;classic&quot;}\">\n\t\t\t\t\t\t\t<div class=\"elementor-background-overlay\"><\/div>\n\t\t\t\t\t\t\t<div class=\"elementor-container elementor-column-gap-default\">\n\t\t\t\t\t<div class=\"elementor-column elementor-col-50 elementor-top-column elementor-element elementor-element-qevarhe\" data-id=\"qevarhe\" data-element_type=\"column\">\n\t\t\t<div class=\"elementor-widget-wrap\">\n\t\t\t\t\t\t\t\t\t<\/div>\n\t\t<\/div>\n\t\t\t\t<div class=\"elementor-column elementor-col-50 elementor-top-column elementor-element elementor-element-sybclyl\" data-id=\"sybclyl\" data-element_type=\"column\">\n\t\t\t<div class=\"elementor-widget-wrap elementor-element-populated\">\n\t\t\t\t\t\t\t\t<div class=\"elementor-element elementor-element-anvgfex elementor-widget elementor-widget-heading\" data-id=\"anvgfex\" data-element_type=\"widget\" data-widget_type=\"heading.default\">\n\t\t\t\t<div class=\"elementor-widget-container\">\n\t\t\t<h2 class=\"elementor-heading-title elementor-size-default\">Vie \u00e9conomique<\/h2>\t\t<\/div>\n\t\t\t\t<\/div>\n\t\t\t\t<div class=\"elementor-element elementor-element-jhvrfuj elementor-widget-divider--view-line elementor-widget elementor-widget-divider\" data-id=\"jhvrfuj\" data-element_type=\"widget\" data-widget_type=\"divider.default\">\n\t\t\t\t<div class=\"elementor-widget-container\">\n\t\t\t\t\t<div class=\"elementor-divider\">\n\t\t\t<span class=\"elementor-divider-separator\">\n\t\t\t\t\t\t<\/span>\n\t\t<\/div>\n\t\t\t\t<\/div>\n\t\t\t\t<\/div>\n\t\t\t\t<div class=\"elementor-element elementor-element-seasuum elementor-widget elementor-widget-text-editor\" data-id=\"seasuum\" data-element_type=\"widget\" data-widget_type=\"text-editor.default\">\n\t\t\t\t<div class=\"elementor-widget-container\">\n\t\t\t\t\t\t\t\t\t\t\t\t\t<\/div>\n\t\t\t\t<\/div>\n\t\t\t\t\t<\/div>\n\t\t<\/div>\n\t\t\t\t\t\t\t<\/div>\n\t\t<\/section>\n\t\t\t\t<section class=\"elementor-section elementor-top-section elementor-element elementor-element-f407e81 elementor-section-boxed elementor-section-height-default elementor-section-height-default\" data-id=\"f407e81\" data-element_type=\"section\">\n\t\t\t\t\t\t<div class=\"elementor-container elementor-column-gap-default\">\n\t\t\t\t\t<div class=\"elementor-column elementor-col-100 elementor-top-column elementor-element elementor-element-fdc3130\" data-id=\"fdc3130\" data-element_type=\"column\">\n\t\t\t<div class=\"elementor-widget-wrap elementor-element-populated\">\n\t\t\t\t\t\t\t\t<div class=\"elementor-element elementor-element-2e0c0c6 elementor-widget elementor-widget-spacer\" data-id=\"2e0c0c6\" data-element_type=\"widget\" data-widget_type=\"spacer.default\">\n\t\t\t\t<div class=\"elementor-widget-container\">\n\t\t\t\t\t<div class=\"elementor-spacer\">\n\t\t\t<div class=\"elementor-spacer-inner\"><\/div>\n\t\t<\/div>\n\t\t\t\t<\/div>\n\t\t\t\t<\/div>\n\t\t\t\t\t<\/div>\n\t\t<\/div>\n\t\t\t\t\t\t\t<\/div>\n\t\t<\/section>\n\t\t\t\t<section class=\"elementor-section elementor-top-section elementor-element elementor-element-wauyzkr elementor-section-boxed elementor-section-height-default elementor-section-height-default\" data-id=\"wauyzkr\" data-element_type=\"section\" data-settings=\"{&quot;background_background&quot;:&quot;classic&quot;}\">\n\t\t\t\t\t\t\t<div class=\"elementor-background-overlay\"><\/div>\n\t\t\t\t\t\t\t<div class=\"elementor-container elementor-column-gap-default\">\n\t\t\t\t\t<div class=\"elementor-column elementor-col-100 elementor-top-column elementor-element elementor-element-znovkyl\" data-id=\"znovkyl\" data-element_type=\"column\">\n\t\t\t<div class=\"elementor-widget-wrap elementor-element-populated\">\n\t\t\t\t\t\t\t\t<div class=\"elementor-element elementor-element-gxrnlos elementor-widget elementor-widget-heading\" data-id=\"gxrnlos\" data-element_type=\"widget\" data-widget_type=\"heading.default\">\n\t\t\t\t<div class=\"elementor-widget-container\">\n\t\t\t<h2 class=\"elementor-heading-title elementor-size-default\">Informations<\/h2>\t\t<\/div>\n\t\t\t\t<\/div>\n\t\t\t\t<div class=\"elementor-element elementor-element-oemhutd elementor-widget-divider--view-line elementor-widget elementor-widget-divider\" data-id=\"oemhutd\" data-element_type=\"widget\" data-widget_type=\"divider.default\">\n\t\t\t\t<div class=\"elementor-widget-container\">\n\t\t\t\t\t<div class=\"elementor-divider\">\n\t\t\t<span class=\"elementor-divider-separator\">\n\t\t\t\t\t\t<\/span>\n\t\t<\/div>\n\t\t\t\t<\/div>\n\t\t\t\t<\/div>\n\t\t\t\t<div class=\"elementor-element elementor-element-yyihpqe elementor-widget elementor-widget-heading\" data-id=\"yyihpqe\" data-element_type=\"widget\" data-widget_type=\"heading.default\">\n\t\t\t\t<div class=\"elementor-widget-container\">\n\t\t\t<h2 class=\"elementor-heading-title elementor-size-default\">D\u00e9couvrez l'ensemble des informations concernant la Communaut\u00e9 de communes Haute Sarthe Alpes Mancelles.<\/h2>\t\t<\/div>\n\t\t\t\t<\/div>\n\t\t\t\t<section class=\"elementor-section elementor-inner-section elementor-element elementor-element-chwnukb elementor-section-boxed elementor-section-height-default elementor-section-height-default\" data-id=\"chwnukb\" data-element_type=\"section\">\n\t\t\t\t\t\t<div class=\"elementor-container elementor-column-gap-default\">\n\t\t\t\t\t<div class=\"elementor-column elementor-col-50 elementor-inner-column elementor-element elementor-element-ejiohww\" data-id=\"ejiohww\" data-element_type=\"column\">\n\t\t\t<div class=\"elementor-widget-wrap elementor-element-populated\">\n\t\t\t\t\t\t\t\t<div class=\"elementor-element elementor-element-d94db3d elementor-widget elementor-widget-heading\" data-id=\"d94db3d\" data-element_type=\"widget\" data-widget_type=\"heading.default\">\n\t\t\t\t<div class=\"elementor-widget-container\">\n\t\t\t<h2 class=\"elementor-heading-title elementor-size-default\">Le Territoire<\/h2>\t\t<\/div>\n\t\t\t\t<\/div>\n\t\t\t\t<div class=\"elementor-element elementor-element-8202439 elementor-widget elementor-widget-image\" data-id=\"8202439\" data-element_type=\"widget\" data-widget_type=\"image.default\">\n\t\t\t\t<div class=\"elementor-widget-container\">\n\t\t\t\t\t\t\t\t\t\t\t\t\t\t\t<img loading=\"lazy\" decoding=\"async\" width=\"300\" height=\"300\" src=\"https:\/\/cc-hsam.fr\/wp-content\/uploads\/2021\/07\/carte.png\" class=\"attachment-large size-large\" alt=\"\" srcset=\"https:\/\/cc-hsam.fr\/wp-content\/uploads\/2021\/07\/carte.png 300w, https:\/\/cc-hsam.fr\/wp-content\/uploads\/2021\/07\/carte-150x150.png 150w\" sizes=\"auto, (max-width: 300px) 100vw, 300px\" \/>\t\t\t\t\t\t\t\t\t\t\t\t\t\t\t<\/div>\n\t\t\t\t<\/div>\n\t\t\t\t<div class=\"elementor-element elementor-element-mirkquy elementor-widget elementor-widget-spacer\" data-id=\"mirkquy\" data-element_type=\"widget\" data-widget_type=\"spacer.default\">\n\t\t\t\t<div class=\"elementor-widget-container\">\n\t\t\t\t\t<div class=\"elementor-spacer\">\n\t\t\t<div class=\"elementor-spacer-inner\"><\/div>\n\t\t<\/div>\n\t\t\t\t<\/div>\n\t\t\t\t<\/div>\n\t\t\t\t\t<\/div>\n\t\t<\/div>\n\t\t\t\t<div class=\"elementor-column elementor-col-50 elementor-inner-column elementor-element elementor-element-rkaisrq\" data-id=\"rkaisrq\" data-element_type=\"column\">\n\t\t\t<div class=\"elementor-widget-wrap elementor-element-populated\">\n\t\t\t\t\t\t\t\t<div class=\"elementor-element elementor-element-ae4657c elementor-widget elementor-widget-heading\" data-id=\"ae4657c\" data-element_type=\"widget\" data-widget_type=\"heading.default\">\n\t\t\t\t<div class=\"elementor-widget-container\">\n\t\t\t<h2 class=\"elementor-heading-title elementor-size-default\">Accueil CCHSAM<\/h2>\t\t<\/div>\n\t\t\t\t<\/div>\n\t\t\t\t<div class=\"elementor-element elementor-element-2f61089 elementor-widget elementor-widget-testimonial\" data-id=\"2f61089\" data-element_type=\"widget\" data-widget_type=\"testimonial.default\">\n\t\t\t\t<div class=\"elementor-widget-container\">\n\t\t\t\t\t<div class=\"elementor-testimonial-wrapper\">\n\t\t\t\n\t\t\t\t\t\t<div class=\"elementor-testimonial-meta elementor-has-image elementor-testimonial-image-position-aside\">\n\t\t\t\t<div class=\"elementor-testimonial-meta-inner\">\n\t\t\t\t\t\t\t\t\t\t\t<div class=\"elementor-testimonial-image\">\n\t\t\t\t\t\t\t<img loading=\"lazy\" decoding=\"async\" width=\"512\" height=\"512\" src=\"https:\/\/cc-hsam.fr\/wp-content\/uploads\/2021\/02\/cropped-logoreduit.jpg\" class=\"attachment-full size-full\" alt=\"logo CCHSAM\" \/>\t\t\t\t\t\t<\/div>\n\t\t\t\t\t\n\t\t\t\t\t\t\t\t\t<\/div>\n\t\t\t<\/div>\n\t\t\t\t\t<\/div>\n\t\t\t\t<\/div>\n\t\t\t\t<\/div>\n\t\t\t\t<div class=\"elementor-element elementor-element-kmawbnj elementor-widget elementor-widget-testimonial\" data-id=\"kmawbnj\" data-element_type=\"widget\" data-widget_type=\"testimonial.default\">\n\t\t\t\t<div class=\"elementor-widget-container\">\n\t\t\t\t\t<div class=\"elementor-testimonial-wrapper\">\n\t\t\t\t\t\t\t<div class=\"elementor-testimonial-content\">L\u2019accueil de la CCHSAM \u00e0 la maison de pays reste ouvert sans rendez-vous.\nUne seule personne \u00e0 la fois \u00e0 l\u2019accueil avec port du masque et d\u00e9sinfection des mains au gel hydroalcoolique mis \u00e0 disposition \u00e0 l'entr\u00e9e.\n\n<strong><br><br>Horaires d'ouverture :<\/strong> <BR>Lundi et vendredi 09h-12h\n<br> Mardi, mercredi et jeudi: 9h - 12h \/ 14h - 17h<\/div>\n\t\t\t\n\t\t\t\t\t<\/div>\n\t\t\t\t<\/div>\n\t\t\t\t<\/div>\n\t\t\t\t<div class=\"elementor-element elementor-element-lzjkcgp elementor-widget elementor-widget-spacer\" data-id=\"lzjkcgp\" data-element_type=\"widget\" data-widget_type=\"spacer.default\">\n\t\t\t\t<div class=\"elementor-widget-container\">\n\t\t\t\t\t<div class=\"elementor-spacer\">\n\t\t\t<div class=\"elementor-spacer-inner\"><\/div>\n\t\t<\/div>\n\t\t\t\t<\/div>\n\t\t\t\t<\/div>\n\t\t\t\t\t<\/div>\n\t\t<\/div>\n\t\t\t\t\t\t\t<\/div>\n\t\t<\/section>\n\t\t\t\t\t<\/div>\n\t\t<\/div>\n\t\t\t\t\t\t\t<\/div>\n\t\t<\/section>\n\t\t\t\t\t\t<\/div>\n\t\t\t\t\t<\/div>\n\t\t","protected":false},"excerpt":{"rendered":"<p>vie \u00e9conomique Texte de pr\u00e9sentation de la vie \u00e9conomique du territoire Zone d&#8217;Activit\u00e9s Liens utiles Vie \u00e9conomique Informations D\u00e9couvrez l&#8217;ensemble des informations concernant la Communaut\u00e9 de communes Haute Sarthe Alpes Mancelles. Le Territoire Accueil CCHSAM L\u2019accueil de la CCHSAM \u00e0 la maison de pays reste ouvert sans rendez-vous. Une seule personne \u00e0 la fois \u00e0 [&hellip;]<\/p>\n","protected":false},"author":1,"featured_media":0,"parent":0,"menu_order":0,"comment_status":"closed","ping_status":"closed","template":"","meta":{"footnotes":""},"class_list":["post-2113","page","type-page","status-publish","hentry","entry"],"yoast_head":"<!-- This site is optimized with the Yoast SEO plugin v27.4 - https:\/\/yoast.com\/product\/yoast-seo-wordpress\/ -->\n<title>Vie \u00e9conomique - CCHSAM - Bienvenue sur le site officiel<\/title>\n<meta name=\"robots\" content=\"index, follow, max-snippet:-1, max-image-preview:large, max-video-preview:-1\" \/>\n<link rel=\"canonical\" href=\"http:\/\/cc-hsam.fr\/index.php\/vie-economique\/\" \/>\n<meta property=\"og:locale\" content=\"fr_FR\" \/>\n<meta property=\"og:type\" content=\"article\" \/>\n<meta property=\"og:title\" content=\"Vie \u00e9conomique - CCHSAM - Bienvenue sur le site officiel\" \/>\n<meta property=\"og:description\" content=\"vie \u00e9conomique Texte de pr\u00e9sentation de la vie \u00e9conomique du territoire Zone d&#8217;Activit\u00e9s Liens utiles Vie \u00e9conomique Informations D\u00e9couvrez l&#8217;ensemble des informations concernant la Communaut\u00e9 de communes Haute Sarthe Alpes Mancelles. Le Territoire Accueil CCHSAM L\u2019accueil de la CCHSAM \u00e0 la maison de pays reste ouvert sans rendez-vous. Une seule personne \u00e0 la fois \u00e0 [&hellip;]\" \/>\n<meta property=\"og:url\" content=\"http:\/\/cc-hsam.fr\/index.php\/vie-economique\/\" \/>\n<meta property=\"og:site_name\" content=\"CCHSAM\" \/>\n<meta property=\"article:modified_time\" content=\"2021-08-30T16:34:03+00:00\" \/>\n<meta property=\"og:image\" content=\"http:\/\/cc-hsam.fr\/wp-content\/uploads\/elementor\/thumbs\/VISUEL_ZA-partdljo21ege65vn4ena9ctb5rqph9i0l9f7i63ys.jpg\" \/>\n<meta name=\"twitter:card\" content=\"summary_large_image\" \/>\n<meta name=\"twitter:label1\" content=\"Dur\u00e9e de lecture estim\u00e9e\" \/>\n\t<meta name=\"twitter:data1\" content=\"2 minutes\" \/>\n<script type=\"application\/ld+json\" class=\"yoast-schema-graph\">{\"@context\":\"https:\\\/\\\/schema.org\",\"@graph\":[{\"@type\":\"WebPage\",\"@id\":\"http:\\\/\\\/cc-hsam.fr\\\/index.php\\\/vie-economique\\\/\",\"url\":\"http:\\\/\\\/cc-hsam.fr\\\/index.php\\\/vie-economique\\\/\",\"name\":\"Vie \u00e9conomique - CCHSAM - Bienvenue sur le site officiel\",\"isPartOf\":{\"@id\":\"http:\\\/\\\/cc-hsam.fr\\\/#website\"},\"primaryImageOfPage\":{\"@id\":\"http:\\\/\\\/cc-hsam.fr\\\/index.php\\\/vie-economique\\\/#primaryimage\"},\"image\":{\"@id\":\"http:\\\/\\\/cc-hsam.fr\\\/index.php\\\/vie-economique\\\/#primaryimage\"},\"thumbnailUrl\":\"http:\\\/\\\/cc-hsam.fr\\\/wp-content\\\/uploads\\\/elementor\\\/thumbs\\\/VISUEL_ZA-partdljo21ege65vn4ena9ctb5rqph9i0l9f7i63ys.jpg\",\"datePublished\":\"2021-07-28T06:27:19+00:00\",\"dateModified\":\"2021-08-30T16:34:03+00:00\",\"breadcrumb\":{\"@id\":\"http:\\\/\\\/cc-hsam.fr\\\/index.php\\\/vie-economique\\\/#breadcrumb\"},\"inLanguage\":\"fr-FR\",\"potentialAction\":[{\"@type\":\"ReadAction\",\"target\":[\"http:\\\/\\\/cc-hsam.fr\\\/index.php\\\/vie-economique\\\/\"]}]},{\"@type\":\"ImageObject\",\"inLanguage\":\"fr-FR\",\"@id\":\"http:\\\/\\\/cc-hsam.fr\\\/index.php\\\/vie-economique\\\/#primaryimage\",\"url\":\"http:\\\/\\\/cc-hsam.fr\\\/wp-content\\\/uploads\\\/elementor\\\/thumbs\\\/VISUEL_ZA-partdljo21ege65vn4ena9ctb5rqph9i0l9f7i63ys.jpg\",\"contentUrl\":\"http:\\\/\\\/cc-hsam.fr\\\/wp-content\\\/uploads\\\/elementor\\\/thumbs\\\/VISUEL_ZA-partdljo21ege65vn4ena9ctb5rqph9i0l9f7i63ys.jpg\"},{\"@type\":\"BreadcrumbList\",\"@id\":\"http:\\\/\\\/cc-hsam.fr\\\/index.php\\\/vie-economique\\\/#breadcrumb\",\"itemListElement\":[{\"@type\":\"ListItem\",\"position\":1,\"name\":\"Accueil\",\"item\":\"http:\\\/\\\/cc-hsam.fr\\\/\"},{\"@type\":\"ListItem\",\"position\":2,\"name\":\"Vie \u00e9conomique\"}]},{\"@type\":\"WebSite\",\"@id\":\"http:\\\/\\\/cc-hsam.fr\\\/#website\",\"url\":\"http:\\\/\\\/cc-hsam.fr\\\/\",\"name\":\"CCHSAM\",\"description\":\"Bienvenue sur le site officiel\",\"potentialAction\":[{\"@type\":\"SearchAction\",\"target\":{\"@type\":\"EntryPoint\",\"urlTemplate\":\"http:\\\/\\\/cc-hsam.fr\\\/?s={search_term_string}\"},\"query-input\":{\"@type\":\"PropertyValueSpecification\",\"valueRequired\":true,\"valueName\":\"search_term_string\"}}],\"inLanguage\":\"fr-FR\"}]}<\/script>\n<!-- \/ Yoast SEO plugin. -->","yoast_head_json":{"title":"Vie \u00e9conomique - CCHSAM - Bienvenue sur le site officiel","robots":{"index":"index","follow":"follow","max-snippet":"max-snippet:-1","max-image-preview":"max-image-preview:large","max-video-preview":"max-video-preview:-1"},"canonical":"http:\/\/cc-hsam.fr\/index.php\/vie-economique\/","og_locale":"fr_FR","og_type":"article","og_title":"Vie \u00e9conomique - CCHSAM - Bienvenue sur le site officiel","og_description":"vie \u00e9conomique Texte de pr\u00e9sentation de la vie \u00e9conomique du territoire Zone d&#8217;Activit\u00e9s Liens utiles Vie \u00e9conomique Informations D\u00e9couvrez l&#8217;ensemble des informations concernant la Communaut\u00e9 de communes Haute Sarthe Alpes Mancelles. Le Territoire Accueil CCHSAM L\u2019accueil de la CCHSAM \u00e0 la maison de pays reste ouvert sans rendez-vous. Une seule personne \u00e0 la fois \u00e0 [&hellip;]","og_url":"http:\/\/cc-hsam.fr\/index.php\/vie-economique\/","og_site_name":"CCHSAM","article_modified_time":"2021-08-30T16:34:03+00:00","og_image":[{"url":"http:\/\/cc-hsam.fr\/wp-content\/uploads\/elementor\/thumbs\/VISUEL_ZA-partdljo21ege65vn4ena9ctb5rqph9i0l9f7i63ys.jpg","type":"","width":"","height":""}],"twitter_card":"summary_large_image","twitter_misc":{"Dur\u00e9e de lecture estim\u00e9e":"2 minutes"},"schema":{"@context":"https:\/\/schema.org","@graph":[{"@type":"WebPage","@id":"http:\/\/cc-hsam.fr\/index.php\/vie-economique\/","url":"http:\/\/cc-hsam.fr\/index.php\/vie-economique\/","name":"Vie \u00e9conomique - CCHSAM - Bienvenue sur le site officiel","isPartOf":{"@id":"http:\/\/cc-hsam.fr\/#website"},"primaryImageOfPage":{"@id":"http:\/\/cc-hsam.fr\/index.php\/vie-economique\/#primaryimage"},"image":{"@id":"http:\/\/cc-hsam.fr\/index.php\/vie-economique\/#primaryimage"},"thumbnailUrl":"http:\/\/cc-hsam.fr\/wp-content\/uploads\/elementor\/thumbs\/VISUEL_ZA-partdljo21ege65vn4ena9ctb5rqph9i0l9f7i63ys.jpg","datePublished":"2021-07-28T06:27:19+00:00","dateModified":"2021-08-30T16:34:03+00:00","breadcrumb":{"@id":"http:\/\/cc-hsam.fr\/index.php\/vie-economique\/#breadcrumb"},"inLanguage":"fr-FR","potentialAction":[{"@type":"ReadAction","target":["http:\/\/cc-hsam.fr\/index.php\/vie-economique\/"]}]},{"@type":"ImageObject","inLanguage":"fr-FR","@id":"http:\/\/cc-hsam.fr\/index.php\/vie-economique\/#primaryimage","url":"http:\/\/cc-hsam.fr\/wp-content\/uploads\/elementor\/thumbs\/VISUEL_ZA-partdljo21ege65vn4ena9ctb5rqph9i0l9f7i63ys.jpg","contentUrl":"http:\/\/cc-hsam.fr\/wp-content\/uploads\/elementor\/thumbs\/VISUEL_ZA-partdljo21ege65vn4ena9ctb5rqph9i0l9f7i63ys.jpg"},{"@type":"BreadcrumbList","@id":"http:\/\/cc-hsam.fr\/index.php\/vie-economique\/#breadcrumb","itemListElement":[{"@type":"ListItem","position":1,"name":"Accueil","item":"http:\/\/cc-hsam.fr\/"},{"@type":"ListItem","position":2,"name":"Vie \u00e9conomique"}]},{"@type":"WebSite","@id":"http:\/\/cc-hsam.fr\/#website","url":"http:\/\/cc-hsam.fr\/","name":"CCHSAM","description":"Bienvenue sur le site officiel","potentialAction":[{"@type":"SearchAction","target":{"@type":"EntryPoint","urlTemplate":"http:\/\/cc-hsam.fr\/?s={search_term_string}"},"query-input":{"@type":"PropertyValueSpecification","valueRequired":true,"valueName":"search_term_string"}}],"inLanguage":"fr-FR"}]}},"acf":[],"_links":{"self":[{"href":"https:\/\/cc-hsam.fr\/index.php\/wp-json\/wp\/v2\/pages\/2113","targetHints":{"allow":["GET"]}}],"collection":[{"href":"https:\/\/cc-hsam.fr\/index.php\/wp-json\/wp\/v2\/pages"}],"about":[{"href":"https:\/\/cc-hsam.fr\/index.php\/wp-json\/wp\/v2\/types\/page"}],"author":[{"embeddable":true,"href":"https:\/\/cc-hsam.fr\/index.php\/wp-json\/wp\/v2\/users\/1"}],"replies":[{"embeddable":true,"href":"https:\/\/cc-hsam.fr\/index.php\/wp-json\/wp\/v2\/comments?post=2113"}],"version-history":[{"count":47,"href":"https:\/\/cc-hsam.fr\/index.php\/wp-json\/wp\/v2\/pages\/2113\/revisions"}],"predecessor-version":[{"id":6864,"href":"https:\/\/cc-hsam.fr\/index.php\/wp-json\/wp\/v2\/pages\/2113\/revisions\/6864"}],"wp:attachment":[{"href":"https:\/\/cc-hsam.fr\/index.php\/wp-json\/wp\/v2\/media?parent=2113"}],"curies":[{"name":"wp","href":"https:\/\/api.w.org\/{rel}","templated":true}]}}