{"id":7692,"date":"2021-08-31T21:34:02","date_gmt":"2021-08-31T19:34:02","guid":{"rendered":"http:\/\/cc-hsam.fr\/?page_id=7692"},"modified":"2022-02-17T14:28:09","modified_gmt":"2022-02-17T13:28:09","slug":"services","status":"publish","type":"page","link":"https:\/\/cc-hsam.fr\/index.php\/services\/","title":{"rendered":"Services"},"content":{"rendered":"\t\t<div data-elementor-type=\"wp-page\" data-elementor-id=\"7692\" class=\"elementor elementor-7692\" data-elementor-settings=\"[]\">\n\t\t\t\t\t\t\t<div class=\"elementor-section-wrap\">\n\t\t\t\t\t\t\t<section class=\"elementor-section elementor-top-section elementor-element elementor-element-arduvcg elementor-section-height-min-height elementor-section-full_width elementor-section-height-default elementor-section-items-middle\" data-id=\"arduvcg\" data-element_type=\"section\" data-settings=\"{&quot;background_background&quot;:&quot;classic&quot;}\">\n\t\t\t\t\t\t\t<div class=\"elementor-background-overlay\"><\/div>\n\t\t\t\t\t\t\t<div class=\"elementor-container elementor-column-gap-default\">\n\t\t\t\t\t<div class=\"elementor-column elementor-col-100 elementor-top-column elementor-element elementor-element-trebdfi\" data-id=\"trebdfi\" data-element_type=\"column\">\n\t\t\t<div class=\"elementor-widget-wrap\">\n\t\t\t\t\t\t\t\t\t<\/div>\n\t\t<\/div>\n\t\t\t\t\t\t\t<\/div>\n\t\t<\/section>\n\t\t\t\t<section class=\"elementor-section elementor-top-section elementor-element elementor-element-e3f6f49 elementor-section-boxed elementor-section-height-default elementor-section-height-default\" data-id=\"e3f6f49\" data-element_type=\"section\">\n\t\t\t\t\t\t<div class=\"elementor-container elementor-column-gap-default\">\n\t\t\t\t\t<div class=\"elementor-column elementor-col-100 elementor-top-column elementor-element elementor-element-a27ebd2\" data-id=\"a27ebd2\" data-element_type=\"column\">\n\t\t\t<div class=\"elementor-widget-wrap elementor-element-populated\">\n\t\t\t\t\t\t\t\t<div class=\"elementor-element elementor-element-b29bbae elementor-widget elementor-widget-spacer\" data-id=\"b29bbae\" data-element_type=\"widget\" data-widget_type=\"spacer.default\">\n\t\t\t\t<div class=\"elementor-widget-container\">\n\t\t\t\t\t<div class=\"elementor-spacer\">\n\t\t\t<div class=\"elementor-spacer-inner\"><\/div>\n\t\t<\/div>\n\t\t\t\t<\/div>\n\t\t\t\t<\/div>\n\t\t\t\t<div class=\"elementor-element elementor-element-ce8ea30 elementor-widget elementor-widget-heading\" data-id=\"ce8ea30\" data-element_type=\"widget\" data-widget_type=\"heading.default\">\n\t\t\t\t<div class=\"elementor-widget-container\">\n\t\t\t<h1 class=\"elementor-heading-title elementor-size-large\">Fonctionnement<\/h1>\t\t<\/div>\n\t\t\t\t<\/div>\n\t\t\t\t<div class=\"elementor-element elementor-element-0f7bc36 elementor-widget-divider--view-line elementor-widget elementor-widget-divider\" data-id=\"0f7bc36\" data-element_type=\"widget\" data-widget_type=\"divider.default\">\n\t\t\t\t<div class=\"elementor-widget-container\">\n\t\t\t\t\t<div class=\"elementor-divider\">\n\t\t\t<span class=\"elementor-divider-separator\">\n\t\t\t\t\t\t<\/span>\n\t\t<\/div>\n\t\t\t\t<\/div>\n\t\t\t\t<\/div>\n\t\t\t\t<div class=\"elementor-element elementor-element-2e328c2 elementor-widget elementor-widget-heading\" data-id=\"2e328c2\" data-element_type=\"widget\" data-widget_type=\"heading.default\">\n\t\t\t\t<div class=\"elementor-widget-container\">\n\t\t\t<h1 class=\"elementor-heading-title elementor-size-large\">Les Services<\/h1>\t\t<\/div>\n\t\t\t\t<\/div>\n\t\t\t\t\t<\/div>\n\t\t<\/div>\n\t\t\t\t\t\t\t<\/div>\n\t\t<\/section>\n\t\t\t\t<section class=\"elementor-section elementor-top-section elementor-element elementor-element-dba9e81 elementor-section-full_width elementor-section-height-default elementor-section-height-default\" data-id=\"dba9e81\" data-element_type=\"section\">\n\t\t\t\t\t\t<div class=\"elementor-container elementor-column-gap-default\">\n\t\t\t\t\t<div class=\"elementor-column elementor-col-100 elementor-top-column elementor-element elementor-element-1544955\" data-id=\"1544955\" data-element_type=\"column\">\n\t\t\t<div class=\"elementor-widget-wrap elementor-element-populated\">\n\t\t\t\t\t\t\t\t<div class=\"elementor-element elementor-element-096454c elementor-widget elementor-widget-eael-adv-accordion\" data-id=\"096454c\" data-element_type=\"widget\" data-widget_type=\"eael-adv-accordion.default\">\n\t\t\t\t<div class=\"elementor-widget-container\">\n\t\t\t        <div class=\"eael-adv-accordion\" id=\"eael-adv-accordion-096454c\" data-accordion-id=\"096454c\" data-accordion-type=\"accordion\" data-toogle-speed=\"300\">\n    <div class=\"eael-accordion-list\">\n                <div id=\"dveloppement-conomique-et-touristique\" class=\"elementor-tab-title eael-accordion-header\" tabindex=\"9841\" data-tab=\"1\" role=\"tab\" aria-controls=\"elementor-tab-content-9841\"><p class=\"eael-accordion-tab-title\">D\u00e9veloppement \u00e9conomique et touristique<\/p><i aria-hidden=\"true\" class=\"fa-toggle fas fa-angle-right\"><\/i><\/div><div id=\"elementor-tab-content-9841\" class=\"eael-accordion-content clearfix\" data-tab=\"1\" role=\"tabpanel\" aria-labelledby=\"dveloppement-conomique-et-touristique\"><p><ul><li style=\"text-align: left;\">P\u00f4le d\u00e9veloppement touristique :<ul><li>Domaine du Gasseau<\/li><li>Office de Tourisme<\/li><\/ul><\/li><li>P\u00f4le Social:<ul><li style=\"text-align: left;\">Espace France Services<\/li><li style=\"text-align: left;\">Centres sociaux<\/li><\/ul><\/li><\/ul><\/p><\/div>\n                <\/div><div class=\"eael-accordion-list\">\n                <div id=\"administration-gnrale\" class=\"elementor-tab-title eael-accordion-header\" tabindex=\"9842\" data-tab=\"2\" role=\"tab\" aria-controls=\"elementor-tab-content-9842\"><p class=\"eael-accordion-tab-title\">Administration G\u00e9n\u00e9rale<\/p><i aria-hidden=\"true\" class=\"fa-toggle fas fa-angle-right\"><\/i><\/div><div id=\"elementor-tab-content-9842\" class=\"eael-accordion-content clearfix\" data-tab=\"2\" role=\"tabpanel\" aria-labelledby=\"administration-gnrale\"><p><ul><li>Ressources Humaines<\/li><li>Comptabilit\u00e9<\/li><li>March\u00e9s Publics<\/li><li>Communication<\/li><li>Accueil<\/li><\/ul><\/p><\/div>\n                <\/div><div class=\"eael-accordion-list\">\n                <div id=\"ple-dchets-collecte-et-traitement\" class=\"elementor-tab-title eael-accordion-header\" tabindex=\"9843\" data-tab=\"3\" role=\"tab\" aria-controls=\"elementor-tab-content-9843\"><p class=\"eael-accordion-tab-title\">P\u00f4le D\u00e9chets \/ Collecte et traitement<\/p><i aria-hidden=\"true\" class=\"fa-toggle fas fa-angle-right\"><\/i><\/div><div id=\"elementor-tab-content-9843\" class=\"eael-accordion-content clearfix\" data-tab=\"3\" role=\"tabpanel\" aria-labelledby=\"ple-dchets-collecte-et-traitement\"><p><ul><li>Gestion administrative<ul><li>Collecte des Ordures M\u00e9nag\u00e8res<\/li><li>Points d'apport volontaire<\/li><\/ul><\/li><li>Gestion technique<ul><li>D\u00e9chetterie<\/li><\/ul><\/li><\/ul><\/p><\/div>\n                <\/div><div class=\"eael-accordion-list\">\n                <div id=\"voirie\" class=\"elementor-tab-title eael-accordion-header\" tabindex=\"9844\" data-tab=\"4\" role=\"tab\" aria-controls=\"elementor-tab-content-9844\"><p class=\"eael-accordion-tab-title\">Voirie<\/p><i aria-hidden=\"true\" class=\"fa-toggle fas fa-angle-right\"><\/i><\/div><div id=\"elementor-tab-content-9844\" class=\"eael-accordion-content clearfix\" data-tab=\"4\" role=\"tabpanel\" aria-labelledby=\"voirie\"><p><ul><li>Voirie<\/li><\/ul><\/p><\/div>\n                <\/div><div class=\"eael-accordion-list\">\n                <div id=\"services-techniques\" class=\"elementor-tab-title eael-accordion-header\" tabindex=\"9845\" data-tab=\"5\" role=\"tab\" aria-controls=\"elementor-tab-content-9845\"><p class=\"eael-accordion-tab-title\">Services techniques<\/p><i aria-hidden=\"true\" class=\"fa-toggle fas fa-angle-right\"><\/i><\/div><div id=\"elementor-tab-content-9845\" class=\"eael-accordion-content clearfix\" data-tab=\"5\" role=\"tabpanel\" aria-labelledby=\"services-techniques\"><p><ul><li>Service technique<\/li><li>\u00c9quipements sportifs, patrimoine, suivi contrats ...<\/li><li>SPANC<\/li><\/ul><\/p><\/div>\n                <\/div><div class=\"eael-accordion-list\">\n                <div id=\"services-la-population\" class=\"elementor-tab-title eael-accordion-header\" tabindex=\"9846\" data-tab=\"6\" role=\"tab\" aria-controls=\"elementor-tab-content-9846\"><p class=\"eael-accordion-tab-title\">Services \u00e0 la population<\/p><i aria-hidden=\"true\" class=\"fa-toggle fas fa-angle-right\"><\/i><\/div><div id=\"elementor-tab-content-9846\" class=\"eael-accordion-content clearfix\" data-tab=\"6\" role=\"tabpanel\" aria-labelledby=\"services-la-population\"><p><ul><li>Centres de sant\u00e9<br \/><ul><li>Centre de sant\u00e9 des Alpes Mancelles<\/li><li>Centre de sant\u00e9 de Fy\u00e9<\/li><\/ul><\/li><li>\u00c9cole Musique Danse Th\u00e9\u00e2tre<\/li><\/ul><\/p><\/div>\n                <\/div><\/div>\t\t<\/div>\n\t\t\t\t<\/div>\n\t\t\t\t\t<\/div>\n\t\t<\/div>\n\t\t\t\t\t\t\t<\/div>\n\t\t<\/section>\n\t\t\t\t<section class=\"elementor-section elementor-top-section elementor-element elementor-element-2ebde95 elementor-section-boxed elementor-section-height-default elementor-section-height-default\" data-id=\"2ebde95\" data-element_type=\"section\">\n\t\t\t\t\t\t<div class=\"elementor-container elementor-column-gap-default\">\n\t\t\t\t\t<div class=\"elementor-column elementor-col-100 elementor-top-column elementor-element elementor-element-bbe6063\" data-id=\"bbe6063\" data-element_type=\"column\">\n\t\t\t<div class=\"elementor-widget-wrap elementor-element-populated\">\n\t\t\t\t\t\t\t\t<div class=\"elementor-element elementor-element-5905cff elementor-widget elementor-widget-spacer\" data-id=\"5905cff\" data-element_type=\"widget\" data-widget_type=\"spacer.default\">\n\t\t\t\t<div class=\"elementor-widget-container\">\n\t\t\t\t\t<div class=\"elementor-spacer\">\n\t\t\t<div class=\"elementor-spacer-inner\"><\/div>\n\t\t<\/div>\n\t\t\t\t<\/div>\n\t\t\t\t<\/div>\n\t\t\t\t\t<\/div>\n\t\t<\/div>\n\t\t\t\t\t\t\t<\/div>\n\t\t<\/section>\n\t\t\t\t<section class=\"elementor-section elementor-top-section elementor-element elementor-element-34c6cbe elementor-section-boxed elementor-section-height-default elementor-section-height-default\" data-id=\"34c6cbe\" data-element_type=\"section\">\n\t\t\t\t\t\t<div class=\"elementor-container elementor-column-gap-default\">\n\t\t\t\t\t<div class=\"elementor-column elementor-col-100 elementor-top-column elementor-element elementor-element-a1e1bcc\" data-id=\"a1e1bcc\" data-element_type=\"column\">\n\t\t\t<div class=\"elementor-widget-wrap elementor-element-populated\">\n\t\t\t\t\t\t\t\t<div class=\"elementor-element elementor-element-7ac11ab elementor-widget elementor-widget-eael-creative-button\" data-id=\"7ac11ab\" data-element_type=\"widget\" data-widget_type=\"eael-creative-button.default\">\n\t\t\t\t<div class=\"elementor-widget-container\">\n\t\t\t        <div class=\"eael-creative-button-wrapper\">\n\n            <a class=\"eael-creative-button eael-creative-button--default\" href=\"http:\/\/cc-hsam.fr\/wp-content\/uploads\/2022\/02\/ORGANIGRAMME-CCHSAM-MAJ-17.02.22.pdf\" data-text=\"\">\n\n                <div class=\"creative-button-inner\">\n\n                    \n                    <span class=\"cretive-button-text\">Organigramme du personnel CCHSAM<\/span>\n\n                                    <\/div>\n            <\/a>\n        <\/div>\n\t\t<\/div>\n\t\t\t\t<\/div>\n\t\t\t\t\t<\/div>\n\t\t<\/div>\n\t\t\t\t\t\t\t<\/div>\n\t\t<\/section>\n\t\t\t\t<section class=\"elementor-section elementor-top-section elementor-element elementor-element-43b5594 elementor-section-boxed elementor-section-height-default elementor-section-height-default\" data-id=\"43b5594\" data-element_type=\"section\">\n\t\t\t\t\t\t<div class=\"elementor-container elementor-column-gap-default\">\n\t\t\t\t\t<div class=\"elementor-column elementor-col-50 elementor-top-column elementor-element elementor-element-c76b41d\" data-id=\"c76b41d\" data-element_type=\"column\">\n\t\t\t<div class=\"elementor-widget-wrap elementor-element-populated\">\n\t\t\t\t\t\t\t\t<div class=\"elementor-element elementor-element-97fb44f elementor-widget elementor-widget-counter\" data-id=\"97fb44f\" data-element_type=\"widget\" data-widget_type=\"counter.default\">\n\t\t\t\t<div class=\"elementor-widget-container\">\n\t\t\t\t\t<div class=\"elementor-counter\">\n\t\t\t<div class=\"elementor-counter-number-wrapper\">\n\t\t\t\t<span class=\"elementor-counter-number-prefix\"><\/span>\n\t\t\t\t<span class=\"elementor-counter-number\" data-duration=\"2000\" data-to-value=\"63\" data-from-value=\"0\" data-delimiter=\",\">0<\/span>\n\t\t\t\t<span class=\"elementor-counter-number-suffix\"><\/span>\n\t\t\t<\/div>\n\t\t\t\t\t\t\t<div class=\"elementor-counter-title\">Agents<\/div>\n\t\t\t\t\t<\/div>\n\t\t\t\t<\/div>\n\t\t\t\t<\/div>\n\t\t\t\t<div class=\"elementor-element elementor-element-8df1474 elementor-widget-divider--separator-type-pattern elementor-widget-divider--no-spacing elementor-widget-divider--view-line elementor-widget elementor-widget-divider\" data-id=\"8df1474\" data-element_type=\"widget\" data-widget_type=\"divider.default\">\n\t\t\t\t<div class=\"elementor-widget-container\">\n\t\t\t\t\t<div class=\"elementor-divider\" style=\"--divider-pattern-url: url(&quot;data:image\/svg+xml,%3Csvg xmlns=&#039;http:\/\/www.w3.org\/2000\/svg&#039; preserveAspectRatio=&#039;none&#039; overflow=&#039;visible&#039; height=&#039;100%&#039; viewBox=&#039;0 0 24 24&#039; fill=&#039;black&#039; stroke=&#039;none&#039;%3E%3Cpath d=&#039;M24,8v12H0V8H24z M24,4v1H0V4H24z&#039;\/%3E%3C\/svg%3E&quot;);\">\n\t\t\t<span class=\"elementor-divider-separator\">\n\t\t\t\t\t\t<\/span>\n\t\t<\/div>\n\t\t\t\t<\/div>\n\t\t\t\t<\/div>\n\t\t\t\t\t<\/div>\n\t\t<\/div>\n\t\t\t\t<div class=\"elementor-column elementor-col-50 elementor-top-column elementor-element elementor-element-c85a2f5\" data-id=\"c85a2f5\" data-element_type=\"column\">\n\t\t\t<div class=\"elementor-widget-wrap elementor-element-populated\">\n\t\t\t\t\t\t\t\t<div class=\"elementor-element elementor-element-4c67882 elementor-widget elementor-widget-counter\" data-id=\"4c67882\" data-element_type=\"widget\" data-widget_type=\"counter.default\">\n\t\t\t\t<div class=\"elementor-widget-container\">\n\t\t\t\t\t<div class=\"elementor-counter\">\n\t\t\t<div class=\"elementor-counter-number-wrapper\">\n\t\t\t\t<span class=\"elementor-counter-number-prefix\"><\/span>\n\t\t\t\t<span class=\"elementor-counter-number\" data-duration=\"2000\" data-to-value=\"18\" data-from-value=\"0\" data-delimiter=\",\">0<\/span>\n\t\t\t\t<span class=\"elementor-counter-number-suffix\"><\/span>\n\t\t\t<\/div>\n\t\t\t\t\t\t\t<div class=\"elementor-counter-title\">Services propos\u00e9s<\/div>\n\t\t\t\t\t<\/div>\n\t\t\t\t<\/div>\n\t\t\t\t<\/div>\n\t\t\t\t<div class=\"elementor-element elementor-element-e1b719c elementor-widget-divider--separator-type-pattern elementor-widget-divider--no-spacing elementor-widget-divider--view-line elementor-widget elementor-widget-divider\" data-id=\"e1b719c\" data-element_type=\"widget\" data-widget_type=\"divider.default\">\n\t\t\t\t<div class=\"elementor-widget-container\">\n\t\t\t\t\t<div class=\"elementor-divider\" style=\"--divider-pattern-url: url(&quot;data:image\/svg+xml,%3Csvg xmlns=&#039;http:\/\/www.w3.org\/2000\/svg&#039; preserveAspectRatio=&#039;none&#039; overflow=&#039;visible&#039; height=&#039;100%&#039; viewBox=&#039;0 0 24 24&#039; fill=&#039;black&#039; stroke=&#039;none&#039;%3E%3Cpath d=&#039;M24,8v12H0V8H24z M24,4v1H0V4H24z&#039;\/%3E%3C\/svg%3E&quot;);\">\n\t\t\t<span class=\"elementor-divider-separator\">\n\t\t\t\t\t\t<\/span>\n\t\t<\/div>\n\t\t\t\t<\/div>\n\t\t\t\t<\/div>\n\t\t\t\t\t<\/div>\n\t\t<\/div>\n\t\t\t\t\t\t\t<\/div>\n\t\t<\/section>\n\t\t\t\t\t\t<\/div>\n\t\t\t\t\t<\/div>\n\t\t","protected":false},"excerpt":{"rendered":"<p>Fonctionnement Les Services D\u00e9veloppement \u00e9conomique et touristique P\u00f4le d\u00e9veloppement touristique : Domaine du Gasseau Office de Tourisme P\u00f4le Social: Espace France Services Centres sociaux Administration G\u00e9n\u00e9rale Ressources Humaines Comptabilit\u00e9 March\u00e9s Publics Communication Accueil P\u00f4le D\u00e9chets \/ Collecte et traitement Gestion administrative Collecte des Ordures M\u00e9nag\u00e8res Points d&#8217;apport volontaire Gestion technique D\u00e9chetterie Voirie Voirie Services techniques [&hellip;]<\/p>\n","protected":false},"author":1,"featured_media":0,"parent":0,"menu_order":0,"comment_status":"closed","ping_status":"closed","template":"","meta":{"footnotes":""},"class_list":["post-7692","page","type-page","status-publish","hentry","entry"],"yoast_head":"<!-- This site is optimized with the Yoast SEO plugin v27.4 - https:\/\/yoast.com\/product\/yoast-seo-wordpress\/ -->\n<title>Services - CCHSAM<\/title>\n<meta name=\"robots\" content=\"index, follow, max-snippet:-1, max-image-preview:large, max-video-preview:-1\" \/>\n<link rel=\"canonical\" href=\"http:\/\/cc-hsam.fr\/index.php\/services\/\" \/>\n<meta property=\"og:locale\" content=\"fr_FR\" \/>\n<meta property=\"og:type\" content=\"article\" \/>\n<meta property=\"og:title\" content=\"Services - CCHSAM\" \/>\n<meta property=\"og:description\" content=\"Fonctionnement Les Services D\u00e9veloppement \u00e9conomique et touristique P\u00f4le d\u00e9veloppement touristique : Domaine du Gasseau Office de Tourisme P\u00f4le Social: Espace France Services Centres sociaux Administration G\u00e9n\u00e9rale Ressources Humaines Comptabilit\u00e9 March\u00e9s Publics Communication Accueil P\u00f4le D\u00e9chets \/ Collecte et traitement Gestion administrative Collecte des Ordures M\u00e9nag\u00e8res Points d&#8217;apport volontaire Gestion technique D\u00e9chetterie Voirie Voirie Services techniques [&hellip;]\" \/>\n<meta property=\"og:url\" content=\"http:\/\/cc-hsam.fr\/index.php\/services\/\" \/>\n<meta property=\"og:site_name\" content=\"CCHSAM\" \/>\n<meta property=\"article:modified_time\" content=\"2022-02-17T13:28:09+00:00\" \/>\n<meta name=\"twitter:card\" content=\"summary_large_image\" \/>\n<meta name=\"twitter:label1\" content=\"Dur\u00e9e de lecture estim\u00e9e\" \/>\n\t<meta name=\"twitter:data1\" content=\"1 minute\" \/>\n<script type=\"application\/ld+json\" class=\"yoast-schema-graph\">{\"@context\":\"https:\\\/\\\/schema.org\",\"@graph\":[{\"@type\":\"WebPage\",\"@id\":\"http:\\\/\\\/cc-hsam.fr\\\/index.php\\\/services\\\/\",\"url\":\"http:\\\/\\\/cc-hsam.fr\\\/index.php\\\/services\\\/\",\"name\":\"Services - CCHSAM\",\"isPartOf\":{\"@id\":\"http:\\\/\\\/cc-hsam.fr\\\/#website\"},\"datePublished\":\"2021-08-31T19:34:02+00:00\",\"dateModified\":\"2022-02-17T13:28:09+00:00\",\"breadcrumb\":{\"@id\":\"http:\\\/\\\/cc-hsam.fr\\\/index.php\\\/services\\\/#breadcrumb\"},\"inLanguage\":\"fr-FR\",\"potentialAction\":[{\"@type\":\"ReadAction\",\"target\":[\"http:\\\/\\\/cc-hsam.fr\\\/index.php\\\/services\\\/\"]}]},{\"@type\":\"BreadcrumbList\",\"@id\":\"http:\\\/\\\/cc-hsam.fr\\\/index.php\\\/services\\\/#breadcrumb\",\"itemListElement\":[{\"@type\":\"ListItem\",\"position\":1,\"name\":\"Accueil\",\"item\":\"http:\\\/\\\/cc-hsam.fr\\\/\"},{\"@type\":\"ListItem\",\"position\":2,\"name\":\"Services\"}]},{\"@type\":\"WebSite\",\"@id\":\"http:\\\/\\\/cc-hsam.fr\\\/#website\",\"url\":\"http:\\\/\\\/cc-hsam.fr\\\/\",\"name\":\"CCHSAM\",\"description\":\"Bienvenue sur le site officiel\",\"potentialAction\":[{\"@type\":\"SearchAction\",\"target\":{\"@type\":\"EntryPoint\",\"urlTemplate\":\"http:\\\/\\\/cc-hsam.fr\\\/?s={search_term_string}\"},\"query-input\":{\"@type\":\"PropertyValueSpecification\",\"valueRequired\":true,\"valueName\":\"search_term_string\"}}],\"inLanguage\":\"fr-FR\"}]}<\/script>\n<!-- \/ Yoast SEO plugin. -->","yoast_head_json":{"title":"Services - CCHSAM","robots":{"index":"index","follow":"follow","max-snippet":"max-snippet:-1","max-image-preview":"max-image-preview:large","max-video-preview":"max-video-preview:-1"},"canonical":"http:\/\/cc-hsam.fr\/index.php\/services\/","og_locale":"fr_FR","og_type":"article","og_title":"Services - CCHSAM","og_description":"Fonctionnement Les Services D\u00e9veloppement \u00e9conomique et touristique P\u00f4le d\u00e9veloppement touristique : Domaine du Gasseau Office de Tourisme P\u00f4le Social: Espace France Services Centres sociaux Administration G\u00e9n\u00e9rale Ressources Humaines Comptabilit\u00e9 March\u00e9s Publics Communication Accueil P\u00f4le D\u00e9chets \/ Collecte et traitement Gestion administrative Collecte des Ordures M\u00e9nag\u00e8res Points d&#8217;apport volontaire Gestion technique D\u00e9chetterie Voirie Voirie Services techniques [&hellip;]","og_url":"http:\/\/cc-hsam.fr\/index.php\/services\/","og_site_name":"CCHSAM","article_modified_time":"2022-02-17T13:28:09+00:00","twitter_card":"summary_large_image","twitter_misc":{"Dur\u00e9e de lecture estim\u00e9e":"1 minute"},"schema":{"@context":"https:\/\/schema.org","@graph":[{"@type":"WebPage","@id":"http:\/\/cc-hsam.fr\/index.php\/services\/","url":"http:\/\/cc-hsam.fr\/index.php\/services\/","name":"Services - CCHSAM","isPartOf":{"@id":"http:\/\/cc-hsam.fr\/#website"},"datePublished":"2021-08-31T19:34:02+00:00","dateModified":"2022-02-17T13:28:09+00:00","breadcrumb":{"@id":"http:\/\/cc-hsam.fr\/index.php\/services\/#breadcrumb"},"inLanguage":"fr-FR","potentialAction":[{"@type":"ReadAction","target":["http:\/\/cc-hsam.fr\/index.php\/services\/"]}]},{"@type":"BreadcrumbList","@id":"http:\/\/cc-hsam.fr\/index.php\/services\/#breadcrumb","itemListElement":[{"@type":"ListItem","position":1,"name":"Accueil","item":"http:\/\/cc-hsam.fr\/"},{"@type":"ListItem","position":2,"name":"Services"}]},{"@type":"WebSite","@id":"http:\/\/cc-hsam.fr\/#website","url":"http:\/\/cc-hsam.fr\/","name":"CCHSAM","description":"Bienvenue sur le site officiel","potentialAction":[{"@type":"SearchAction","target":{"@type":"EntryPoint","urlTemplate":"http:\/\/cc-hsam.fr\/?s={search_term_string}"},"query-input":{"@type":"PropertyValueSpecification","valueRequired":true,"valueName":"search_term_string"}}],"inLanguage":"fr-FR"}]}},"acf":[],"_links":{"self":[{"href":"https:\/\/cc-hsam.fr\/index.php\/wp-json\/wp\/v2\/pages\/7692","targetHints":{"allow":["GET"]}}],"collection":[{"href":"https:\/\/cc-hsam.fr\/index.php\/wp-json\/wp\/v2\/pages"}],"about":[{"href":"https:\/\/cc-hsam.fr\/index.php\/wp-json\/wp\/v2\/types\/page"}],"author":[{"embeddable":true,"href":"https:\/\/cc-hsam.fr\/index.php\/wp-json\/wp\/v2\/users\/1"}],"replies":[{"embeddable":true,"href":"https:\/\/cc-hsam.fr\/index.php\/wp-json\/wp\/v2\/comments?post=7692"}],"version-history":[{"count":88,"href":"https:\/\/cc-hsam.fr\/index.php\/wp-json\/wp\/v2\/pages\/7692\/revisions"}],"predecessor-version":[{"id":8191,"href":"https:\/\/cc-hsam.fr\/index.php\/wp-json\/wp\/v2\/pages\/7692\/revisions\/8191"}],"wp:attachment":[{"href":"https:\/\/cc-hsam.fr\/index.php\/wp-json\/wp\/v2\/media?parent=7692"}],"curies":[{"name":"wp","href":"https:\/\/api.w.org\/{rel}","templated":true}]}}