{"id":8241,"date":"2022-02-21T22:00:13","date_gmt":"2022-02-21T21:00:13","guid":{"rendered":"http:\/\/cc-hsam.fr\/?page_id=8241"},"modified":"2022-02-25T10:38:00","modified_gmt":"2022-02-25T09:38:00","slug":"emploi","status":"publish","type":"page","link":"https:\/\/cc-hsam.fr\/index.php\/emploi\/","title":{"rendered":"Emploi"},"content":{"rendered":"\t\t<div data-elementor-type=\"wp-page\" data-elementor-id=\"8241\" class=\"elementor elementor-8241\" data-elementor-settings=\"[]\">\n\t\t\t\t\t\t\t<div class=\"elementor-section-wrap\">\n\t\t\t\t\t\t\t<section class=\"elementor-section elementor-top-section elementor-element elementor-element-arduvcg elementor-section-height-min-height elementor-section-full_width elementor-section-height-default elementor-section-items-middle\" data-id=\"arduvcg\" data-element_type=\"section\" data-settings=\"{&quot;background_background&quot;:&quot;classic&quot;}\">\n\t\t\t\t\t\t\t<div class=\"elementor-background-overlay\"><\/div>\n\t\t\t\t\t\t\t<div class=\"elementor-container elementor-column-gap-default\">\n\t\t\t\t\t<div class=\"elementor-column elementor-col-100 elementor-top-column elementor-element elementor-element-trebdfi\" data-id=\"trebdfi\" data-element_type=\"column\">\n\t\t\t<div class=\"elementor-widget-wrap\">\n\t\t\t\t\t\t\t\t\t<\/div>\n\t\t<\/div>\n\t\t\t\t\t\t\t<\/div>\n\t\t<\/section>\n\t\t\t\t<section class=\"elementor-section elementor-top-section elementor-element elementor-element-b2d2aac elementor-section-full_width elementor-section-height-default elementor-section-height-default\" data-id=\"b2d2aac\" data-element_type=\"section\">\n\t\t\t\t\t\t<div class=\"elementor-container elementor-column-gap-default\">\n\t\t\t\t\t<div class=\"elementor-column elementor-col-100 elementor-top-column elementor-element elementor-element-3e900a3\" data-id=\"3e900a3\" data-element_type=\"column\">\n\t\t\t<div class=\"elementor-widget-wrap elementor-element-populated\">\n\t\t\t\t\t\t\t\t<div class=\"elementor-element elementor-element-8ef87ab elementor-widget elementor-widget-spacer\" data-id=\"8ef87ab\" data-element_type=\"widget\" data-widget_type=\"spacer.default\">\n\t\t\t\t<div class=\"elementor-widget-container\">\n\t\t\t\t\t<div class=\"elementor-spacer\">\n\t\t\t<div class=\"elementor-spacer-inner\"><\/div>\n\t\t<\/div>\n\t\t\t\t<\/div>\n\t\t\t\t<\/div>\n\t\t\t\t<div class=\"elementor-element elementor-element-ce8ea30 elementor-widget elementor-widget-heading\" data-id=\"ce8ea30\" data-element_type=\"widget\" data-widget_type=\"heading.default\">\n\t\t\t\t<div class=\"elementor-widget-container\">\n\t\t\t<h1 class=\"elementor-heading-title elementor-size-large\">offre(S) d'emploi<\/h1>\t\t<\/div>\n\t\t\t\t<\/div>\n\t\t\t\t<div class=\"elementor-element elementor-element-0f7bc36 elementor-widget-divider--view-line elementor-widget elementor-widget-divider\" data-id=\"0f7bc36\" data-element_type=\"widget\" data-widget_type=\"divider.default\">\n\t\t\t\t<div class=\"elementor-widget-container\">\n\t\t\t\t\t<div class=\"elementor-divider\">\n\t\t\t<span class=\"elementor-divider-separator\">\n\t\t\t\t\t\t<\/span>\n\t\t<\/div>\n\t\t\t\t<\/div>\n\t\t\t\t<\/div>\n\t\t\t\t<section class=\"elementor-section elementor-inner-section elementor-element elementor-element-b5c28f4 elementor-section-boxed elementor-section-height-default elementor-section-height-default\" data-id=\"b5c28f4\" data-element_type=\"section\">\n\t\t\t\t\t\t<div class=\"elementor-container elementor-column-gap-default\">\n\t\t\t\t\t<div class=\"elementor-column elementor-col-100 elementor-inner-column elementor-element elementor-element-6710a64\" data-id=\"6710a64\" data-element_type=\"column\">\n\t\t\t<div class=\"elementor-widget-wrap elementor-element-populated\">\n\t\t\t\t\t\t\t\t<div class=\"elementor-element elementor-element-a7fb906 elementor-widget elementor-widget-text-editor\" data-id=\"a7fb906\" data-element_type=\"widget\" data-widget_type=\"text-editor.default\">\n\t\t\t\t<div class=\"elementor-widget-container\">\n\t\t\t\t\t\t\t<p style=\"text-align: center;\">Poste \u00e0 pourvoir \u00e0 la Communaut\u00e9 de commune Haute Sarthe Alpes Mancelles \u00e0 retrouver sur le site de P\u00f4le emploi et le site d\u2019Emploi territorial.<\/p><p style=\"text-align: center;\"><strong><span style=\"text-decoration: underline;\">Votre CV et lettre de motivations sont \u00e0 faire parvenir \u00e0 la CCHSAM :<\/span><br \/>2 rue Abb\u00e9 Leli\u00e8vre 72130 Fresnay sur Sarthe<br \/>ou <a href=\"mailto:contact@cchautesarthealpesmancelles.fr\">contact@cchautesarthealpesmancelles.fr<\/a><\/strong><\/p>\t\t\t\t\t\t<\/div>\n\t\t\t\t<\/div>\n\t\t\t\t\t<\/div>\n\t\t<\/div>\n\t\t\t\t\t\t\t<\/div>\n\t\t<\/section>\n\t\t\t\t<section class=\"elementor-section elementor-inner-section elementor-element elementor-element-a77d9e8 elementor-section-boxed elementor-section-height-default elementor-section-height-default\" data-id=\"a77d9e8\" data-element_type=\"section\">\n\t\t\t\t\t\t<div class=\"elementor-container elementor-column-gap-default\">\n\t\t\t\t\t<div class=\"elementor-column elementor-col-50 elementor-inner-column elementor-element elementor-element-4f3a270\" data-id=\"4f3a270\" data-element_type=\"column\">\n\t\t\t<div class=\"elementor-widget-wrap elementor-element-populated\">\n\t\t\t\t\t\t\t\t<div class=\"elementor-element elementor-element-0575dc6 elementor-widget elementor-widget-image\" data-id=\"0575dc6\" data-element_type=\"widget\" data-widget_type=\"image.default\">\n\t\t\t\t<div class=\"elementor-widget-container\">\n\t\t\t\t\t\t\t\t\t\t\t\t\t\t\t<img loading=\"lazy\" decoding=\"async\" width=\"1024\" height=\"1024\" src=\"https:\/\/cc-hsam.fr\/wp-content\/uploads\/2022\/02\/4043422-1024x1024.jpg\" class=\"attachment-large size-large\" alt=\"\" srcset=\"https:\/\/cc-hsam.fr\/wp-content\/uploads\/2022\/02\/4043422-1024x1024.jpg 1024w, https:\/\/cc-hsam.fr\/wp-content\/uploads\/2022\/02\/4043422-300x300.jpg 300w, https:\/\/cc-hsam.fr\/wp-content\/uploads\/2022\/02\/4043422-150x150.jpg 150w, https:\/\/cc-hsam.fr\/wp-content\/uploads\/2022\/02\/4043422-768x768.jpg 768w, https:\/\/cc-hsam.fr\/wp-content\/uploads\/2022\/02\/4043422-1536x1536.jpg 1536w, https:\/\/cc-hsam.fr\/wp-content\/uploads\/2022\/02\/4043422.jpg 2000w\" sizes=\"auto, (max-width: 1024px) 100vw, 1024px\" \/>\t\t\t\t\t\t\t\t\t\t\t\t\t\t\t<\/div>\n\t\t\t\t<\/div>\n\t\t\t\t\t<\/div>\n\t\t<\/div>\n\t\t\t\t<div class=\"elementor-column elementor-col-50 elementor-inner-column elementor-element elementor-element-2b21d00\" data-id=\"2b21d00\" data-element_type=\"column\">\n\t\t\t<div class=\"elementor-widget-wrap elementor-element-populated\">\n\t\t\t\t\t\t\t\t<div class=\"elementor-element elementor-element-630036c elementor-widget elementor-widget-heading\" data-id=\"630036c\" data-element_type=\"widget\" data-widget_type=\"heading.default\">\n\t\t\t\t<div class=\"elementor-widget-container\">\n\t\t\t<h1 class=\"elementor-heading-title elementor-size-default\">Charg\u00e9(e) d\u2019accueil saisonnier \/ Co-responsable du Domaine du Gasseau<\/h1>\t\t<\/div>\n\t\t\t\t<\/div>\n\t\t\t\t<div class=\"elementor-element elementor-element-f3d7557 elementor-widget elementor-widget-text-editor\" data-id=\"f3d7557\" data-element_type=\"widget\" data-widget_type=\"text-editor.default\">\n\t\t\t\t<div class=\"elementor-widget-container\">\n\t\t\t\t\t\t\t<ul><li>CDD 6 mois<\/li><li>Poste \u00e0 temps complet de 35 h \/ semaine<\/li><li>R\u00e9mun\u00e9ration sur la base de la grille indiciaire de la Fonction Publique Territoriale<\/li><li>Poste \u00e0 pourvoir pour le 29 mars 2022 (jusqu&#8217;au 30 septembre 2022)<\/li><li>Permis B exig\u00e9<\/li><li>Travail organis\u00e9 du lundi au dimanche, avec pause hebdomadaire en semaine<\/li><li>Poste bas\u00e9 \u00e0 Saint-L\u00e9onard-des-Bois<\/li><\/ul>\t\t\t\t\t\t<\/div>\n\t\t\t\t<\/div>\n\t\t\t\t<div class=\"elementor-element elementor-element-f0fc0b4 elementor-button-info elementor-align-center elementor-widget elementor-widget-button\" data-id=\"f0fc0b4\" data-element_type=\"widget\" data-widget_type=\"button.default\">\n\t\t\t\t<div class=\"elementor-widget-container\">\n\t\t\t\t\t<div class=\"elementor-button-wrapper\">\n\t\t\t<a href=\"http:\/\/cc-hsam.fr\/wp-content\/uploads\/2022\/02\/Annonce-recrutement-saisonnier-boutique-Gasseau-2022.pdf\" class=\"elementor-button-link elementor-button elementor-size-sm\" role=\"button\">\n\t\t\t\t\t\t<span class=\"elementor-button-content-wrapper\">\n\t\t\t\t\t\t<span class=\"elementor-button-text\">D\u00e9tail de l'offre<\/span>\n\t\t<\/span>\n\t\t\t\t\t<\/a>\n\t\t<\/div>\n\t\t\t\t<\/div>\n\t\t\t\t<\/div>\n\t\t\t\t\t<\/div>\n\t\t<\/div>\n\t\t\t\t\t\t\t<\/div>\n\t\t<\/section>\n\t\t\t\t\t<\/div>\n\t\t<\/div>\n\t\t\t\t\t\t\t<\/div>\n\t\t<\/section>\n\t\t\t\t\t\t<\/div>\n\t\t\t\t\t<\/div>\n\t\t","protected":false},"excerpt":{"rendered":"<p>offre(S) d&#8217;emploi Poste \u00e0 pourvoir \u00e0 la Communaut\u00e9 de commune Haute Sarthe Alpes Mancelles \u00e0 retrouver sur le site de P\u00f4le emploi et le site d\u2019Emploi territorial. Votre CV et lettre de motivations sont \u00e0 faire parvenir \u00e0 la CCHSAM :2 rue Abb\u00e9 Leli\u00e8vre 72130 Fresnay sur Sartheou contact@cchautesarthealpesmancelles.fr Charg\u00e9(e) d\u2019accueil saisonnier \/ Co-responsable du [&hellip;]<\/p>\n","protected":false},"author":1,"featured_media":0,"parent":0,"menu_order":0,"comment_status":"closed","ping_status":"closed","template":"","meta":{"footnotes":""},"class_list":["post-8241","page","type-page","status-publish","hentry","entry"],"yoast_head":"<!-- This site is optimized with the Yoast SEO plugin v27.4 - https:\/\/yoast.com\/product\/yoast-seo-wordpress\/ -->\n<title>Emploi - CCHSAM - Bienvenue sur le site officiel<\/title>\n<meta name=\"robots\" content=\"index, follow, max-snippet:-1, max-image-preview:large, max-video-preview:-1\" \/>\n<link rel=\"canonical\" href=\"http:\/\/cc-hsam.fr\/index.php\/emploi\/\" \/>\n<meta property=\"og:locale\" content=\"fr_FR\" \/>\n<meta property=\"og:type\" content=\"article\" \/>\n<meta property=\"og:title\" content=\"Emploi - CCHSAM - Bienvenue sur le site officiel\" \/>\n<meta property=\"og:description\" content=\"offre(S) d&#8217;emploi Poste \u00e0 pourvoir \u00e0 la Communaut\u00e9 de commune Haute Sarthe Alpes Mancelles \u00e0 retrouver sur le site de P\u00f4le emploi et le site d\u2019Emploi territorial. Votre CV et lettre de motivations sont \u00e0 faire parvenir \u00e0 la CCHSAM :2 rue Abb\u00e9 Leli\u00e8vre 72130 Fresnay sur Sartheou contact@cchautesarthealpesmancelles.fr Charg\u00e9(e) d\u2019accueil saisonnier \/ Co-responsable du [&hellip;]\" \/>\n<meta property=\"og:url\" content=\"http:\/\/cc-hsam.fr\/index.php\/emploi\/\" \/>\n<meta property=\"og:site_name\" content=\"CCHSAM\" \/>\n<meta property=\"article:modified_time\" content=\"2022-02-25T09:38:00+00:00\" \/>\n<meta property=\"og:image\" content=\"http:\/\/cc-hsam.fr\/wp-content\/uploads\/2022\/02\/4043422-1024x1024.jpg\" \/>\n<meta name=\"twitter:card\" content=\"summary_large_image\" \/>\n<meta name=\"twitter:label1\" content=\"Dur\u00e9e de lecture estim\u00e9e\" \/>\n\t<meta name=\"twitter:data1\" content=\"1 minute\" \/>\n<script type=\"application\/ld+json\" class=\"yoast-schema-graph\">{\"@context\":\"https:\\\/\\\/schema.org\",\"@graph\":[{\"@type\":\"WebPage\",\"@id\":\"http:\\\/\\\/cc-hsam.fr\\\/index.php\\\/emploi\\\/\",\"url\":\"http:\\\/\\\/cc-hsam.fr\\\/index.php\\\/emploi\\\/\",\"name\":\"Emploi - CCHSAM - Bienvenue sur le site officiel\",\"isPartOf\":{\"@id\":\"http:\\\/\\\/cc-hsam.fr\\\/#website\"},\"primaryImageOfPage\":{\"@id\":\"http:\\\/\\\/cc-hsam.fr\\\/index.php\\\/emploi\\\/#primaryimage\"},\"image\":{\"@id\":\"http:\\\/\\\/cc-hsam.fr\\\/index.php\\\/emploi\\\/#primaryimage\"},\"thumbnailUrl\":\"http:\\\/\\\/cc-hsam.fr\\\/wp-content\\\/uploads\\\/2022\\\/02\\\/4043422-1024x1024.jpg\",\"datePublished\":\"2022-02-21T21:00:13+00:00\",\"dateModified\":\"2022-02-25T09:38:00+00:00\",\"breadcrumb\":{\"@id\":\"http:\\\/\\\/cc-hsam.fr\\\/index.php\\\/emploi\\\/#breadcrumb\"},\"inLanguage\":\"fr-FR\",\"potentialAction\":[{\"@type\":\"ReadAction\",\"target\":[\"http:\\\/\\\/cc-hsam.fr\\\/index.php\\\/emploi\\\/\"]}]},{\"@type\":\"ImageObject\",\"inLanguage\":\"fr-FR\",\"@id\":\"http:\\\/\\\/cc-hsam.fr\\\/index.php\\\/emploi\\\/#primaryimage\",\"url\":\"https:\\\/\\\/cc-hsam.fr\\\/wp-content\\\/uploads\\\/2022\\\/02\\\/4043422.jpg\",\"contentUrl\":\"https:\\\/\\\/cc-hsam.fr\\\/wp-content\\\/uploads\\\/2022\\\/02\\\/4043422.jpg\",\"width\":2000,\"height\":2000},{\"@type\":\"BreadcrumbList\",\"@id\":\"http:\\\/\\\/cc-hsam.fr\\\/index.php\\\/emploi\\\/#breadcrumb\",\"itemListElement\":[{\"@type\":\"ListItem\",\"position\":1,\"name\":\"Accueil\",\"item\":\"http:\\\/\\\/cc-hsam.fr\\\/\"},{\"@type\":\"ListItem\",\"position\":2,\"name\":\"Emploi\"}]},{\"@type\":\"WebSite\",\"@id\":\"http:\\\/\\\/cc-hsam.fr\\\/#website\",\"url\":\"http:\\\/\\\/cc-hsam.fr\\\/\",\"name\":\"CCHSAM\",\"description\":\"Bienvenue sur le site officiel\",\"potentialAction\":[{\"@type\":\"SearchAction\",\"target\":{\"@type\":\"EntryPoint\",\"urlTemplate\":\"http:\\\/\\\/cc-hsam.fr\\\/?s={search_term_string}\"},\"query-input\":{\"@type\":\"PropertyValueSpecification\",\"valueRequired\":true,\"valueName\":\"search_term_string\"}}],\"inLanguage\":\"fr-FR\"}]}<\/script>\n<!-- \/ Yoast SEO plugin. -->","yoast_head_json":{"title":"Emploi - CCHSAM - Bienvenue sur le site officiel","robots":{"index":"index","follow":"follow","max-snippet":"max-snippet:-1","max-image-preview":"max-image-preview:large","max-video-preview":"max-video-preview:-1"},"canonical":"http:\/\/cc-hsam.fr\/index.php\/emploi\/","og_locale":"fr_FR","og_type":"article","og_title":"Emploi - CCHSAM - Bienvenue sur le site officiel","og_description":"offre(S) d&#8217;emploi Poste \u00e0 pourvoir \u00e0 la Communaut\u00e9 de commune Haute Sarthe Alpes Mancelles \u00e0 retrouver sur le site de P\u00f4le emploi et le site d\u2019Emploi territorial. Votre CV et lettre de motivations sont \u00e0 faire parvenir \u00e0 la CCHSAM :2 rue Abb\u00e9 Leli\u00e8vre 72130 Fresnay sur Sartheou contact@cchautesarthealpesmancelles.fr Charg\u00e9(e) d\u2019accueil saisonnier \/ Co-responsable du [&hellip;]","og_url":"http:\/\/cc-hsam.fr\/index.php\/emploi\/","og_site_name":"CCHSAM","article_modified_time":"2022-02-25T09:38:00+00:00","og_image":[{"url":"http:\/\/cc-hsam.fr\/wp-content\/uploads\/2022\/02\/4043422-1024x1024.jpg","type":"","width":"","height":""}],"twitter_card":"summary_large_image","twitter_misc":{"Dur\u00e9e de lecture estim\u00e9e":"1 minute"},"schema":{"@context":"https:\/\/schema.org","@graph":[{"@type":"WebPage","@id":"http:\/\/cc-hsam.fr\/index.php\/emploi\/","url":"http:\/\/cc-hsam.fr\/index.php\/emploi\/","name":"Emploi - CCHSAM - Bienvenue sur le site officiel","isPartOf":{"@id":"http:\/\/cc-hsam.fr\/#website"},"primaryImageOfPage":{"@id":"http:\/\/cc-hsam.fr\/index.php\/emploi\/#primaryimage"},"image":{"@id":"http:\/\/cc-hsam.fr\/index.php\/emploi\/#primaryimage"},"thumbnailUrl":"http:\/\/cc-hsam.fr\/wp-content\/uploads\/2022\/02\/4043422-1024x1024.jpg","datePublished":"2022-02-21T21:00:13+00:00","dateModified":"2022-02-25T09:38:00+00:00","breadcrumb":{"@id":"http:\/\/cc-hsam.fr\/index.php\/emploi\/#breadcrumb"},"inLanguage":"fr-FR","potentialAction":[{"@type":"ReadAction","target":["http:\/\/cc-hsam.fr\/index.php\/emploi\/"]}]},{"@type":"ImageObject","inLanguage":"fr-FR","@id":"http:\/\/cc-hsam.fr\/index.php\/emploi\/#primaryimage","url":"https:\/\/cc-hsam.fr\/wp-content\/uploads\/2022\/02\/4043422.jpg","contentUrl":"https:\/\/cc-hsam.fr\/wp-content\/uploads\/2022\/02\/4043422.jpg","width":2000,"height":2000},{"@type":"BreadcrumbList","@id":"http:\/\/cc-hsam.fr\/index.php\/emploi\/#breadcrumb","itemListElement":[{"@type":"ListItem","position":1,"name":"Accueil","item":"http:\/\/cc-hsam.fr\/"},{"@type":"ListItem","position":2,"name":"Emploi"}]},{"@type":"WebSite","@id":"http:\/\/cc-hsam.fr\/#website","url":"http:\/\/cc-hsam.fr\/","name":"CCHSAM","description":"Bienvenue sur le site officiel","potentialAction":[{"@type":"SearchAction","target":{"@type":"EntryPoint","urlTemplate":"http:\/\/cc-hsam.fr\/?s={search_term_string}"},"query-input":{"@type":"PropertyValueSpecification","valueRequired":true,"valueName":"search_term_string"}}],"inLanguage":"fr-FR"}]}},"acf":[],"_links":{"self":[{"href":"https:\/\/cc-hsam.fr\/index.php\/wp-json\/wp\/v2\/pages\/8241","targetHints":{"allow":["GET"]}}],"collection":[{"href":"https:\/\/cc-hsam.fr\/index.php\/wp-json\/wp\/v2\/pages"}],"about":[{"href":"https:\/\/cc-hsam.fr\/index.php\/wp-json\/wp\/v2\/types\/page"}],"author":[{"embeddable":true,"href":"https:\/\/cc-hsam.fr\/index.php\/wp-json\/wp\/v2\/users\/1"}],"replies":[{"embeddable":true,"href":"https:\/\/cc-hsam.fr\/index.php\/wp-json\/wp\/v2\/comments?post=8241"}],"version-history":[{"count":34,"href":"https:\/\/cc-hsam.fr\/index.php\/wp-json\/wp\/v2\/pages\/8241\/revisions"}],"predecessor-version":[{"id":8348,"href":"https:\/\/cc-hsam.fr\/index.php\/wp-json\/wp\/v2\/pages\/8241\/revisions\/8348"}],"wp:attachment":[{"href":"https:\/\/cc-hsam.fr\/index.php\/wp-json\/wp\/v2\/media?parent=8241"}],"curies":[{"name":"wp","href":"https:\/\/api.w.org\/{rel}","templated":true}]}}